{"id":479,"date":"2025-08-09T22:55:53","date_gmt":"2025-08-10T01:55:53","guid":{"rendered":"https:\/\/paroquiaaparecidanilopolis.com.br\/?page_id=479"},"modified":"2025-08-20T00:19:29","modified_gmt":"2025-08-20T03:19:29","slug":"carisma","status":"publish","type":"page","link":"https:\/\/paroquiaaparecidanilopolis.com.br\/index.php\/carisma\/","title":{"rendered":"Car\u00edsma"},"content":{"rendered":"\t\t<div data-elementor-type=\"wp-page\" data-elementor-id=\"479\" class=\"elementor elementor-479\" data-elementor-post-type=\"page\">\n\t\t\t\t<div class=\"elementor-element elementor-element-e4e6412 e-flex e-con-boxed e-con e-parent\" data-id=\"e4e6412\" data-element_type=\"container\" data-e-type=\"container\">\n\t\t\t\t\t<div class=\"e-con-inner\">\n\t\t\t\t<div class=\"elementor-element elementor-element-4d2d3b7 elementor-widget elementor-widget-heading\" data-id=\"4d2d3b7\" data-element_type=\"widget\" data-e-type=\"widget\" data-widget_type=\"heading.default\">\n\t\t\t\t\t<h2 class=\"elementor-heading-title elementor-size-default\">A vida de S\u00e3o Francisco de Assis<\/h2>\t\t\t\t<\/div>\n\t\t\t\t\t<\/div>\n\t\t\t\t<\/div>\n\t\t<div class=\"elementor-element elementor-element-731fb08 e-flex e-con-boxed e-con e-parent\" data-id=\"731fb08\" data-element_type=\"container\" data-e-type=\"container\">\n\t\t\t\t\t<div class=\"e-con-inner\">\n\t\t<div class=\"elementor-element elementor-element-adbb860 e-con-full e-flex e-con e-child\" data-id=\"adbb860\" data-element_type=\"container\" data-e-type=\"container\">\n\t\t\t\t<div class=\"elementor-element elementor-element-aab3b65 elementor-widget elementor-widget-image\" data-id=\"aab3b65\" data-element_type=\"widget\" data-e-type=\"widget\" data-widget_type=\"image.default\">\n\t\t\t\t\t\t\t\t\t\t\t\t\t\t\t<img fetchpriority=\"high\" decoding=\"async\" width=\"1024\" height=\"1024\" src=\"https:\/\/paroquiaaparecidanilopolis.com.br\/wp-content\/uploads\/2025\/08\/Frncisco-de-Assis-1024x1024.png\" class=\"attachment-large size-large wp-image-574\" alt=\"\" srcset=\"https:\/\/paroquiaaparecidanilopolis.com.br\/wp-content\/uploads\/2025\/08\/Frncisco-de-Assis-1024x1024.png 1024w, https:\/\/paroquiaaparecidanilopolis.com.br\/wp-content\/uploads\/2025\/08\/Frncisco-de-Assis-300x300.png 300w, https:\/\/paroquiaaparecidanilopolis.com.br\/wp-content\/uploads\/2025\/08\/Frncisco-de-Assis-150x150.png 150w, https:\/\/paroquiaaparecidanilopolis.com.br\/wp-content\/uploads\/2025\/08\/Frncisco-de-Assis-768x768.png 768w, https:\/\/paroquiaaparecidanilopolis.com.br\/wp-content\/uploads\/2025\/08\/Frncisco-de-Assis-1536x1536.png 1536w, https:\/\/paroquiaaparecidanilopolis.com.br\/wp-content\/uploads\/2025\/08\/Frncisco-de-Assis.png 2048w\" sizes=\"(max-width: 1024px) 100vw, 1024px\" \/>\t\t\t\t\t\t\t\t\t\t\t\t\t\t\t<\/div>\n\t\t\t\t<\/div>\n\t\t<div class=\"elementor-element elementor-element-9cf7b28 e-con-full e-flex e-con e-child\" data-id=\"9cf7b28\" data-element_type=\"container\" data-e-type=\"container\">\n\t\t\t\t<div class=\"elementor-element elementor-element-80f2cfb elementor-widget elementor-widget-text-editor\" data-id=\"80f2cfb\" data-element_type=\"widget\" data-e-type=\"widget\" data-widget_type=\"text-editor.default\">\n\t\t\t\t\t\t\t\t\t<p>Voc\u00ea j\u00e1 se imaginou com a vida perfeita? Dinheiro, festas, popularidade e a ambi\u00e7\u00e3o de se tornar uma lenda. O mundo aos seus p\u00e9s. O que voc\u00ea faria? Voc\u00ea pararia para ouvir um chamado interior que pede para largar tudo, viver na simplicidade e amar o pr\u00f3ximo incondicionalmente?<\/p><p>Essa n\u00e3o \u00e9 a hist\u00f3ria de um her\u00f3i de fic\u00e7\u00e3o, mas a trajet\u00f3ria real de <b>Francisco de Assis<\/b>, um jovem que tinha tudo para ser um nobre cavaleiro e um pr\u00f3spero comerciante, mas que escolheu um caminho muito diferente.<\/p><p>Em meio a uma vida de prazeres e gl\u00f3ria, Francisco foi tocado por uma for\u00e7a superior que o levou a repensar seus valores. Ele trocou os luxuosos trajes por uma roupa simples, os banquetes por um prato de comida repartido, e as noites de festa por longas horas de ora\u00e7\u00e3o. Ele se tornou o mensageiro da paz e da esperan\u00e7a, um verdadeiro espelho do Evangelho.<\/p><p>O que ele nos ensina \u00e9 que a verdadeira riqueza n\u00e3o est\u00e1 no que temos, mas em quem nos tornamos. A hist\u00f3ria de Francisco de Assis \u00e9 um convite para olhar para dentro, para ouvir a voz de Deus e para ter a coragem de seguir um caminho de amor, simplicidade e f\u00e9, que tem o poder de mudar n\u00e3o apenas a nossa vida, mas o mundo ao nosso redor.<\/p>\t\t\t\t\t\t\t\t<\/div>\n\t\t\t\t<\/div>\n\t\t\t\t\t<\/div>\n\t\t\t\t<\/div>\n\t\t<div class=\"elementor-element elementor-element-8463bb9 e-flex e-con-boxed e-con e-parent\" data-id=\"8463bb9\" data-element_type=\"container\" data-e-type=\"container\">\n\t\t\t\t\t<div class=\"e-con-inner\">\n\t\t\t\t<div class=\"elementor-element elementor-element-04d71ac elementor-widget elementor-widget-heading\" data-id=\"04d71ac\" data-element_type=\"widget\" data-e-type=\"widget\" data-widget_type=\"heading.default\">\n\t\t\t\t\t<h4 class=\"elementor-heading-title elementor-size-default\">Um jovem com a vida \"perfeita\"<\/h4>\t\t\t\t<\/div>\n\t\t\t\t\t<\/div>\n\t\t\t\t<\/div>\n\t\t<div class=\"elementor-element elementor-element-1646230 e-flex e-con-boxed e-con e-parent\" data-id=\"1646230\" data-element_type=\"container\" data-e-type=\"container\">\n\t\t\t\t\t<div class=\"e-con-inner\">\n\t\t\t\t<div class=\"elementor-element elementor-element-6ab8bfd elementor-widget elementor-widget-text-editor\" data-id=\"6ab8bfd\" data-element_type=\"widget\" data-e-type=\"widget\" data-widget_type=\"text-editor.default\">\n\t\t\t\t\t\t\t\t\t<p>Imagine a Assis do s\u00e9culo XII, uma cidade movimentada na It\u00e1lia, cheia de nobres, mercadores e gente sonhadora. Nesse cen\u00e1rio, o jovem <b>Francisco Bernardone<\/b> se destacava. Filho de um rico comerciante de tecidos, ele tinha a vida que muitos sonhavam: dinheiro para festas, roupas de luxo, serenatas, e a fama de ser o &#8220;rei da juventude&#8221;. Francisco era popular, alegre e ambicioso, sonhando em se tornar um cavaleiro e conquistar gl\u00f3ria e nobreza nas batalhas da \u00e9poca.<\/p><p>Ele tinha o mundo aos seus p\u00e9s, mas a vida tinha outros planos para ele. Uma guerra, uma pris\u00e3o e uma grave doen\u00e7a o for\u00e7aram a parar. E foi nessa pausa que a semente da mudan\u00e7a come\u00e7ou a brotar. As festas e os prazeres que antes o enchiam de alegria, agora pareciam vazios. Seu cora\u00e7\u00e3o estava inquieto, buscando algo mais profundo.<\/p>\t\t\t\t\t\t\t\t<\/div>\n\t\t\t\t\t<\/div>\n\t\t\t\t<\/div>\n\t\t<div class=\"elementor-element elementor-element-238f8d1 e-flex e-con-boxed e-con e-parent\" data-id=\"238f8d1\" data-element_type=\"container\" data-e-type=\"container\">\n\t\t\t\t\t<div class=\"e-con-inner\">\n\t\t\t\t<div class=\"elementor-element elementor-element-7bb92b3 elementor-widget elementor-widget-heading\" data-id=\"7bb92b3\" data-element_type=\"widget\" data-e-type=\"widget\" data-widget_type=\"heading.default\">\n\t\t\t\t\t<h4 class=\"elementor-heading-title elementor-size-default\">O carisma que transformou vidas<\/h4>\t\t\t\t<\/div>\n\t\t\t\t\t<\/div>\n\t\t\t\t<\/div>\n\t\t<div class=\"elementor-element elementor-element-7887f65 e-flex e-con-boxed e-con e-parent\" data-id=\"7887f65\" data-element_type=\"container\" data-e-type=\"container\">\n\t\t\t\t\t<div class=\"e-con-inner\">\n\t\t\t\t<div class=\"elementor-element elementor-element-c2da0f2 elementor-widget elementor-widget-text-editor\" data-id=\"c2da0f2\" data-element_type=\"widget\" data-e-type=\"widget\" data-widget_type=\"text-editor.default\">\n\t\t\t\t\t\t\t\t\t<p>O que poderia levar um homem a abandonar a sua fortuna e a sua vida de luxo? O carisma de S\u00e3o Francisco n\u00e3o estava apenas na sua alegria contagiante, mas na sua coragem em seguir o Evangelho de uma forma radical. Ele se tornou um farol, uma inspira\u00e7\u00e3o viva.<\/p><p>O ponto de virada definitivo aconteceu em duas experi\u00eancias marcantes. A primeira, quando ele, movido por uma for\u00e7a inexplic\u00e1vel, beijou um leproso, vencendo um nojo que o acompanhava desde sempre. Naquele gesto, ele descobriu que o que antes era amargo se tornou &#8220;do\u00e7ura da alma e do corpo&#8221;. A segunda, quando ouviu uma voz vinda do crucifixo na capela de S\u00e3o Dami\u00e3o, pedindo-lhe para &#8220;reconstruir a minha Igreja que est\u00e1 em ru\u00ednas&#8221;.<\/p><p>A partir da\u00ed, Francisco n\u00e3o olhou mais para tr\u00e1s. Ele devolveu cada moeda e cada pe\u00e7a de roupa ao pai, despojando-se de tudo para se tornar um arauto de Jesus Cristo. As pessoas o chamavam de louco, mas a sua determina\u00e7\u00e3o e a sua alegria em viver o Evangelho de forma literal, sem nada a mais, come\u00e7ou a atrair as pessoas. Seu carisma era a simplicidade: ele vivia o que pregava.<\/p>\t\t\t\t\t\t\t\t<\/div>\n\t\t\t\t\t<\/div>\n\t\t\t\t<\/div>\n\t\t<div class=\"elementor-element elementor-element-e510cd1 e-flex e-con-boxed e-con e-parent\" data-id=\"e510cd1\" data-element_type=\"container\" data-e-type=\"container\">\n\t\t\t\t\t<div class=\"e-con-inner\">\n\t\t\t\t<div class=\"elementor-element elementor-element-c72a96d elementor-widget elementor-widget-heading\" data-id=\"c72a96d\" data-element_type=\"widget\" data-e-type=\"widget\" data-widget_type=\"heading.default\">\n\t\t\t\t\t<h4 class=\"elementor-heading-title elementor-size-default\">Um convite para seguir o caminho<\/h4>\t\t\t\t<\/div>\n\t\t\t\t\t<\/div>\n\t\t\t\t<\/div>\n\t\t<div class=\"elementor-element elementor-element-e901e5c e-flex e-con-boxed e-con e-parent\" data-id=\"e901e5c\" data-element_type=\"container\" data-e-type=\"container\">\n\t\t\t\t\t<div class=\"e-con-inner\">\n\t\t\t\t<div class=\"elementor-element elementor-element-593e0ec elementor-widget elementor-widget-text-editor\" data-id=\"593e0ec\" data-element_type=\"widget\" data-e-type=\"widget\" data-widget_type=\"text-editor.default\">\n\t\t\t\t\t\t\t\t\t<p>O que tornou Francisco t\u00e3o magn\u00e9tico? N\u00e3o foi apenas o fato de ele ter se tornado um mendigo volunt\u00e1rio, mas a paz e a alegria que irradiavam de seu cora\u00e7\u00e3o. Ele convidava as pessoas a se juntarem a ele, n\u00e3o com regras r\u00edgidas, mas com o pr\u00f3prio Evangelho. Ele e seus primeiros seguidores \u2014 um rico comerciante, um sacerdote, um lavrador \u2014 abriram o livro do Evangelho para encontrar o seu guia:<\/p><ul><li><p><b>&#8220;Se queres ser perfeito, vende o que tens e d\u00e1-o aos pobres.&#8221;<\/b><\/p><\/li><li><p><b>&#8220;N\u00e3o leveis nada pelo caminho.&#8221;<\/b><\/p><\/li><li><p><b>&#8220;Negue-se a si mesmo, tome a sua cruz cada dia e siga-me.&#8221;<\/b><\/p><\/li><\/ul><p>Com essas palavras, eles fundaram a Fraternidade dos Irm\u00e3os Menores, um movimento que n\u00e3o se baseava em riqueza ou poder, mas no amor e na humildade. A hist\u00f3ria de Francisco nos mostra que a verdadeira riqueza n\u00e3o est\u00e1 no que possu\u00edmos, mas no que somos capazes de dar.<\/p><p>Francisco de Assis n\u00e3o se tornou um santo por acaso. Ele lutou, duvidou, mas, acima de tudo, escolheu o caminho do amor e do servi\u00e7o. Sua vida nos convida a refletir: O que Deus est\u00e1 nos pedindo para reconstruir em nossa pr\u00f3pria vida, em nossa comunidade, em nosso mundo? Qual \u00e9 a do\u00e7ura que podemos encontrar em gestos de amor e humildade?<\/p><p>O chamado de Francisco ressoa at\u00e9 hoje. Vamos, juntos, seguir os passos desse homem que nos ensinou que a felicidade verdadeira est\u00e1 em viver o Evangelho.<\/p>\t\t\t\t\t\t\t\t<\/div>\n\t\t\t\t\t<\/div>\n\t\t\t\t<\/div>\n\t\t\t\t<\/div>\n\t\t","protected":false},"excerpt":{"rendered":"<p>A vida de S\u00e3o Francisco de Assis Voc\u00ea j\u00e1 se imaginou com a vida perfeita? Dinheiro, festas, popularidade e a [&hellip;]<\/p>\n","protected":false},"author":1,"featured_media":0,"parent":0,"menu_order":0,"comment_status":"closed","ping_status":"closed","template":"","meta":{"site-sidebar-layout":"no-sidebar","site-content-layout":"","ast-site-content-layout":"full-width-container","site-content-style":"default","site-sidebar-style":"default","ast-global-header-display":"","ast-banner-title-visibility":"","ast-main-header-display":"","ast-hfb-above-header-display":"","ast-hfb-below-header-display":"","ast-hfb-mobile-header-display":"","site-post-title":"","ast-breadcrumbs-content":"","ast-featured-img":"disabled","footer-sml-layout":"","ast-disable-related-posts":"","theme-transparent-header-meta":"","adv-header-id-meta":"","stick-header-meta":"","header-above-stick-meta":"","header-main-stick-meta":"","header-below-stick-meta":"","astra-migrate-meta-layouts":"default","ast-page-background-enabled":"default","ast-page-background-meta":{"desktop":{"background-color":"var(--ast-global-color-5)","background-image":"","background-repeat":"repeat","background-position":"center center","background-size":"auto","background-attachment":"scroll","background-type":"","background-media":"","overlay-type":"","overlay-color":"","overlay-opacity":"","overlay-gradient":""},"tablet":{"background-color":"","background-image":"","background-repeat":"repeat","background-position":"center center","background-size":"auto","background-attachment":"scroll","background-type":"","background-media":"","overlay-type":"","overlay-color":"","overlay-opacity":"","overlay-gradient":""},"mobile":{"background-color":"","background-image":"","background-repeat":"repeat","background-position":"center center","background-size":"auto","background-attachment":"scroll","background-type":"","background-media":"","overlay-type":"","overlay-color":"","overlay-opacity":"","overlay-gradient":""}},"ast-content-background-meta":{"desktop":{"background-color":"var(--ast-global-color-4)","background-image":"","background-repeat":"repeat","background-position":"center center","background-size":"auto","background-attachment":"scroll","background-type":"","background-media":"","overlay-type":"","overlay-color":"","overlay-opacity":"","overlay-gradient":""},"tablet":{"background-color":"var(--ast-global-color-4)","background-image":"","background-repeat":"repeat","background-position":"center center","background-size":"auto","background-attachment":"scroll","background-type":"","background-media":"","overlay-type":"","overlay-color":"","overlay-opacity":"","overlay-gradient":""},"mobile":{"background-color":"var(--ast-global-color-4)","background-image":"","background-repeat":"repeat","background-position":"center center","background-size":"auto","background-attachment":"scroll","background-type":"","background-media":"","overlay-type":"","overlay-color":"","overlay-opacity":"","overlay-gradient":""}},"footnotes":""},"class_list":["post-479","page","type-page","status-publish","hentry"],"_links":{"self":[{"href":"https:\/\/paroquiaaparecidanilopolis.com.br\/index.php\/wp-json\/wp\/v2\/pages\/479","targetHints":{"allow":["GET"]}}],"collection":[{"href":"https:\/\/paroquiaaparecidanilopolis.com.br\/index.php\/wp-json\/wp\/v2\/pages"}],"about":[{"href":"https:\/\/paroquiaaparecidanilopolis.com.br\/index.php\/wp-json\/wp\/v2\/types\/page"}],"author":[{"embeddable":true,"href":"https:\/\/paroquiaaparecidanilopolis.com.br\/index.php\/wp-json\/wp\/v2\/users\/1"}],"replies":[{"embeddable":true,"href":"https:\/\/paroquiaaparecidanilopolis.com.br\/index.php\/wp-json\/wp\/v2\/comments?post=479"}],"version-history":[{"count":13,"href":"https:\/\/paroquiaaparecidanilopolis.com.br\/index.php\/wp-json\/wp\/v2\/pages\/479\/revisions"}],"predecessor-version":[{"id":3985,"href":"https:\/\/paroquiaaparecidanilopolis.com.br\/index.php\/wp-json\/wp\/v2\/pages\/479\/revisions\/3985"}],"wp:attachment":[{"href":"https:\/\/paroquiaaparecidanilopolis.com.br\/index.php\/wp-json\/wp\/v2\/media?parent=479"}],"curies":[{"name":"wp","href":"https:\/\/api.w.org\/{rel}","templated":true}]}}