{"id":476,"date":"2025-08-09T22:55:29","date_gmt":"2025-08-10T01:55:29","guid":{"rendered":"https:\/\/paroquiaaparecidanilopolis.com.br\/?page_id=476"},"modified":"2025-08-20T14:39:42","modified_gmt":"2025-08-20T17:39:42","slug":"vocacional","status":"publish","type":"page","link":"https:\/\/paroquiaaparecidanilopolis.com.br\/index.php\/vocacional\/","title":{"rendered":"Vocacional"},"content":{"rendered":"\t\t<div data-elementor-type=\"wp-page\" data-elementor-id=\"476\" class=\"elementor elementor-476\" data-elementor-post-type=\"page\">\n\t\t\t\t<div class=\"elementor-element elementor-element-19484ec e-flex e-con-boxed e-con e-parent\" data-id=\"19484ec\" data-element_type=\"container\" data-e-type=\"container\">\n\t\t\t\t\t<div class=\"e-con-inner\">\n\t\t\t\t<div class=\"elementor-element elementor-element-f60180a elementor-widget elementor-widget-heading\" data-id=\"f60180a\" data-element_type=\"widget\" data-e-type=\"widget\" data-widget_type=\"heading.default\">\n\t\t\t\t\t<h2 class=\"elementor-heading-title elementor-size-default\">Caminho Formativo<\/h2>\t\t\t\t<\/div>\n\t\t\t\t\t<\/div>\n\t\t\t\t<\/div>\n\t\t<div class=\"elementor-element elementor-element-5ea9a16 e-flex e-con-boxed e-con e-parent\" data-id=\"5ea9a16\" data-element_type=\"container\" data-e-type=\"container\">\n\t\t\t\t\t<div class=\"e-con-inner\">\n\t\t\t\t<div class=\"elementor-element elementor-element-a3a51af elementor--h-position-center elementor--v-position-middle elementor-arrows-position-inside elementor-pagination-position-inside elementor-widget elementor-widget-slides\" data-id=\"a3a51af\" data-element_type=\"widget\" data-e-type=\"widget\" data-settings=\"{&quot;navigation&quot;:&quot;both&quot;,&quot;autoplay&quot;:&quot;yes&quot;,&quot;pause_on_hover&quot;:&quot;yes&quot;,&quot;pause_on_interaction&quot;:&quot;yes&quot;,&quot;autoplay_speed&quot;:5000,&quot;infinite&quot;:&quot;yes&quot;,&quot;transition&quot;:&quot;slide&quot;,&quot;transition_speed&quot;:500}\" data-widget_type=\"slides.default\">\n\t\t\t\t\t\t\t\t\t\t<div class=\"elementor-slides-wrapper elementor-main-swiper swiper\" role=\"region\" aria-roledescription=\"carousel\" aria-label=\"Slides\" dir=\"ltr\" data-animation=\"fadeInUp\">\n\t\t\t\t<div class=\"swiper-wrapper elementor-slides\">\n\t\t\t\t\t\t\t\t\t\t<div class=\"elementor-repeater-item-5b9f194 swiper-slide\" role=\"group\" aria-roledescription=\"slide\"><div class=\"swiper-slide-bg\" role=\"img\" aria-label=\"IMG_4084\"><\/div><div class=\"swiper-slide-inner\" ><div class=\"swiper-slide-contents\"><\/div><\/div><\/div>\t\t\t\t<\/div>\n\t\t\t\t\t\t\t<\/div>\n\t\t\t\t\t\t\t\t<\/div>\n\t\t\t\t\t<\/div>\n\t\t\t\t<\/div>\n\t\t<div class=\"elementor-element elementor-element-f2801b1 e-flex e-con-boxed e-con e-parent\" data-id=\"f2801b1\" data-element_type=\"container\" data-e-type=\"container\">\n\t\t\t\t\t<div class=\"e-con-inner\">\n\t\t\t\t<div class=\"elementor-element elementor-element-cb32832 elementor-widget elementor-widget-text-editor\" data-id=\"cb32832\" data-element_type=\"widget\" data-e-type=\"widget\" data-widget_type=\"text-editor.default\">\n\t\t\t\t\t\t\t\t\t<p>Se voc\u00ea sente o chamado de seguir a Cristo no caminho de S\u00e3o Francisco de Assis, saiba que essa \u00e9 uma jornada de descoberta, discernimento e amadurecimento. O caminho franciscano n\u00e3o \u00e9 uma corrida, mas uma peregrina\u00e7\u00e3o, onde cada passo \u00e9 importante para aprofundar e confirmar o chamado que Deus faz a voc\u00ea.<\/p><p>Seguindo as palavras de S\u00e3o Francisco, &#8220;Irm\u00e3os, vamos come\u00e7ar a servir ao Senhor, porque at\u00e9 agora fizemos pouco ou nada&#8221;, a voca\u00e7\u00e3o franciscana \u00e9 um convite a ser um eterno aprendiz, sempre recome\u00e7ando.<\/p><p>Vamos conhecer as etapas dessa caminhada?<\/p>\t\t\t\t\t\t\t\t<\/div>\n\t\t\t\t\t<\/div>\n\t\t\t\t<\/div>\n\t\t<div class=\"elementor-element elementor-element-ce37cb8 e-flex e-con-boxed e-con e-parent\" data-id=\"ce37cb8\" data-element_type=\"container\" data-e-type=\"container\">\n\t\t\t\t\t<div class=\"e-con-inner\">\n\t\t\t\t<div class=\"elementor-element elementor-element-d340adc elementor-widget elementor-widget-heading\" data-id=\"d340adc\" data-element_type=\"widget\" data-e-type=\"widget\" data-widget_type=\"heading.default\">\n\t\t\t\t\t<h4 class=\"elementor-heading-title elementor-size-default\">1. Aspirantado (FAV - Fraternidade de Acolhimento Vocacional)<\/h4>\t\t\t\t<\/div>\n\t\t\t\t\t<\/div>\n\t\t\t\t<\/div>\n\t\t<div class=\"elementor-element elementor-element-6a9eec4 e-flex e-con-boxed e-con e-parent\" data-id=\"6a9eec4\" data-element_type=\"container\" data-e-type=\"container\">\n\t\t\t\t\t<div class=\"e-con-inner\">\n\t\t\t\t<div class=\"elementor-element elementor-element-3ee709f elementor-widget elementor-widget-text-editor\" data-id=\"3ee709f\" data-element_type=\"widget\" data-e-type=\"widget\" data-widget_type=\"text-editor.default\">\n\t\t\t\t\t\t\t\t\t<p>Depois de um tempo de acompanhamento, voc\u00ea \u00e9 convidado a morar em uma das fraternidades franciscanas por, no m\u00ednimo, seis meses. \u00c9 um tempo de imers\u00e3o na vida franciscana, com ora\u00e7\u00e3o di\u00e1ria, conv\u00edvio com os irm\u00e3os, servi\u00e7o \u00e0 comunidade e estudo sobre a espiritualidade de S\u00e3o Francisco.<\/p><p>O objetivo dessa fase \u00e9 permitir que voc\u00ea experimente de perto o estilo de vida franciscano, podendo se perguntar: &#8220;Consigo me ver vivendo assim? Meu cora\u00e7\u00e3o se alegra com essa forma de vida?&#8221;.<\/p>\t\t\t\t\t\t\t\t<\/div>\n\t\t\t\t\t<\/div>\n\t\t\t\t<\/div>\n\t\t<div class=\"elementor-element elementor-element-491ee41 e-flex e-con-boxed e-con e-parent\" data-id=\"491ee41\" data-element_type=\"container\" data-e-type=\"container\">\n\t\t\t\t\t<div class=\"e-con-inner\">\n\t\t\t\t<div class=\"elementor-element elementor-element-ee3bd38 elementor-widget elementor-widget-heading\" data-id=\"ee3bd38\" data-element_type=\"widget\" data-e-type=\"widget\" data-widget_type=\"heading.default\">\n\t\t\t\t\t<h4 class=\"elementor-heading-title elementor-size-default\">2. Postulantado: Um Sim Mais Consciente<\/h4>\t\t\t\t<\/div>\n\t\t\t\t\t<\/div>\n\t\t\t\t<\/div>\n\t\t<div class=\"elementor-element elementor-element-0ae457d e-flex e-con-boxed e-con e-parent\" data-id=\"0ae457d\" data-element_type=\"container\" data-e-type=\"container\">\n\t\t\t\t\t<div class=\"e-con-inner\">\n\t\t\t\t<div class=\"elementor-element elementor-element-cbfe9ea elementor-widget elementor-widget-text-editor\" data-id=\"cbfe9ea\" data-element_type=\"widget\" data-e-type=\"widget\" data-widget_type=\"text-editor.default\">\n\t\t\t\t\t\t\t\t\t<p>Se, ao final do Aspirantado, voc\u00ea e os frades confirmam que o caminho franciscano \u00e9 o seu chamado, voc\u00ea \u00e9 acolhido no Postulantado em Guaratinguet\u00e1-SP.<\/p><p>Esta etapa \u00e9 a sua primeira ades\u00e3o formal \u00e0 vida religiosa, ainda sem os votos. \u00c9 um tempo de plantio, de preparar o cora\u00e7\u00e3o com aprofundamento b\u00edblico, estudo da doutrina da Igreja, e autoconhecimento. Voc\u00ea vai assumir pequenas responsabilidades na comunidade e fortalecer as ra\u00edzes da sua voca\u00e7\u00e3o.<\/p>\t\t\t\t\t\t\t\t<\/div>\n\t\t\t\t\t<\/div>\n\t\t\t\t<\/div>\n\t\t<div class=\"elementor-element elementor-element-45c726f e-flex e-con-boxed e-con e-parent\" data-id=\"45c726f\" data-element_type=\"container\" data-e-type=\"container\">\n\t\t\t\t\t<div class=\"e-con-inner\">\n\t\t\t\t<div class=\"elementor-element elementor-element-504ae9a elementor-widget elementor-widget-heading\" data-id=\"504ae9a\" data-element_type=\"widget\" data-e-type=\"widget\" data-widget_type=\"heading.default\">\n\t\t\t\t\t<h4 class=\"elementor-heading-title elementor-size-default\">3. Noviciado: Cora\u00e7\u00e3o Moldado pela Fraternidade<\/h4>\t\t\t\t<\/div>\n\t\t\t\t\t<\/div>\n\t\t\t\t<\/div>\n\t\t<div class=\"elementor-element elementor-element-ae4977d e-flex e-con-boxed e-con e-parent\" data-id=\"ae4977d\" data-element_type=\"container\" data-e-type=\"container\">\n\t\t\t\t\t<div class=\"e-con-inner\">\n\t\t\t\t<div class=\"elementor-element elementor-element-989efa5 elementor-widget elementor-widget-text-editor\" data-id=\"989efa5\" data-element_type=\"widget\" data-e-type=\"widget\" data-widget_type=\"text-editor.default\">\n\t\t\t\t\t\t\t\t\t<p>O Noviciado \u00e9 um tempo sagrado, que acontece em Rodeio-SC, onde voc\u00ea mergulha de forma profunda na vida franciscana. \u00c9 um per\u00edodo de sil\u00eancio e ora\u00e7\u00e3o intensa, estudo da Regra Franciscana e experi\u00eancia de fraternidade.<\/p><p>Nessa fase, seu cora\u00e7\u00e3o ser\u00e1 moldado \u00e0 forma do Evangelho. Voc\u00ea tamb\u00e9m ir\u00e1 refletir sobre os votos de pobreza, castidade e obedi\u00eancia que ser\u00e3o feitos na pr\u00f3xima etapa, aprendendo a ser um irm\u00e3o menor, disposto a caminhar com os mais necessitados.<\/p>\t\t\t\t\t\t\t\t<\/div>\n\t\t\t\t\t<\/div>\n\t\t\t\t<\/div>\n\t\t<div class=\"elementor-element elementor-element-8e14a51 e-flex e-con-boxed e-con e-parent\" data-id=\"8e14a51\" data-element_type=\"container\" data-e-type=\"container\">\n\t\t\t\t\t<div class=\"e-con-inner\">\n\t\t\t\t<div class=\"elementor-element elementor-element-04e2524 elementor-widget elementor-widget-heading\" data-id=\"04e2524\" data-element_type=\"widget\" data-e-type=\"widget\" data-widget_type=\"heading.default\">\n\t\t\t\t\t<h4 class=\"elementor-heading-title elementor-size-default\">4. Profiss\u00e3o Tempor\u00e1ria: Um Sim Que Se Fortalece<\/h4>\t\t\t\t<\/div>\n\t\t\t\t\t<\/div>\n\t\t\t\t<\/div>\n\t\t<div class=\"elementor-element elementor-element-5e63b03 e-flex e-con-boxed e-con e-parent\" data-id=\"5e63b03\" data-element_type=\"container\" data-e-type=\"container\">\n\t\t\t\t\t<div class=\"e-con-inner\">\n\t\t\t\t<div class=\"elementor-element elementor-element-e4f350a elementor-widget elementor-widget-text-editor\" data-id=\"e4f350a\" data-element_type=\"widget\" data-e-type=\"widget\" data-widget_type=\"text-editor.default\">\n\t\t\t\t\t\t\t\t\t<p>Ap\u00f3s o Noviciado, voc\u00ea faz a <b>Profiss\u00e3o Tempor\u00e1ria<\/b>, assumindo os votos evang\u00e9licos por um tempo determinado (geralmente quatro anos).<\/p><p>Nessa fase, voc\u00ea \u00e9 enviado para uma fraternidade para viver a sua consagra\u00e7\u00e3o, enquanto participa ativamente de projetos sociais, pastorais, e na comunica\u00e7\u00e3o. \u00c9 um tempo de colocar em pr\u00e1tica o que aprendeu, fortalecendo seu &#8220;sim&#8221; n\u00e3o apenas em palavras, mas na vida concreta, na miss\u00e3o e na fraternidade.<\/p><p>Depois desse per\u00edodo, acontece a <b>Profiss\u00e3o Solene<\/b>, onde voc\u00ea assume definitivamente os votos, entregando-se por inteiro a Deus e aos irm\u00e3os, para toda a vida.<\/p>\t\t\t\t\t\t\t\t<\/div>\n\t\t\t\t\t<\/div>\n\t\t\t\t<\/div>\n\t\t<div class=\"elementor-element elementor-element-2ea96a3 e-flex e-con-boxed e-con e-parent\" data-id=\"2ea96a3\" data-element_type=\"container\" data-e-type=\"container\">\n\t\t\t\t\t<div class=\"e-con-inner\">\n\t\t\t\t<div class=\"elementor-element elementor-element-1797a7d elementor-widget elementor-widget-heading\" data-id=\"1797a7d\" data-element_type=\"widget\" data-e-type=\"widget\" data-widget_type=\"heading.default\">\n\t\t\t\t\t<h4 class=\"elementor-heading-title elementor-size-default\">5. Ordens Sacras: A Servi\u00e7o do Lava-P\u00e9s<\/h4>\t\t\t\t<\/div>\n\t\t\t\t\t<\/div>\n\t\t\t\t<\/div>\n\t\t<div class=\"elementor-element elementor-element-1fdf0dd e-flex e-con-boxed e-con e-parent\" data-id=\"1fdf0dd\" data-element_type=\"container\" data-e-type=\"container\">\n\t\t\t\t\t<div class=\"e-con-inner\">\n\t\t\t\t<div class=\"elementor-element elementor-element-605827e elementor-widget elementor-widget-text-editor\" data-id=\"605827e\" data-element_type=\"widget\" data-e-type=\"widget\" data-widget_type=\"text-editor.default\">\n\t\t\t\t\t\t\t\t\t<p>Ap\u00f3s a Profiss\u00e3o Solene, alguns frades podem sentir o chamado para o sacerd\u00f3cio. Nesse caso, eles se dedicam aos estudos de Teologia para se prepararem para o minist\u00e9rio ordenado.<\/p><p>Essa etapa n\u00e3o \u00e9 sobre ter poder, mas sobre aprofundar a disposi\u00e7\u00e3o de servir o Povo de Deus de forma humilde, \u00e0 servi\u00e7o do &#8220;lava-p\u00e9s&#8221;.<\/p><p>O caminho da voca\u00e7\u00e3o franciscana n\u00e3o \u00e9 para &#8220;vencer&#8221; etapas, mas para crescer em Deus, tornando-se, a cada dia, um irm\u00e3o menor que, como Francisco de Assis, segue o Cristo Pobre e Crucificado.<\/p><p><strong>Coragem, o caminho \u00e9 belo, o Evangelho \u00e9 a estrada e S\u00e3o Francisco de Assis caminha ao seu lado! Se voc\u00ea sente esse chamado, procure a sua par\u00f3quia e converse com um frei ou padre.<\/strong><\/p>\t\t\t\t\t\t\t\t<\/div>\n\t\t\t\t\t<\/div>\n\t\t\t\t<\/div>\n\t\t\t\t<\/div>\n\t\t","protected":false},"excerpt":{"rendered":"<p>Caminho Formativo Se voc\u00ea sente o chamado de seguir a Cristo no caminho de S\u00e3o Francisco de Assis, saiba que [&hellip;]<\/p>\n","protected":false},"author":1,"featured_media":0,"parent":0,"menu_order":0,"comment_status":"closed","ping_status":"closed","template":"","meta":{"site-sidebar-layout":"no-sidebar","site-content-layout":"","ast-site-content-layout":"full-width-container","site-content-style":"default","site-sidebar-style":"default","ast-global-header-display":"","ast-banner-title-visibility":"","ast-main-header-display":"","ast-hfb-above-header-display":"","ast-hfb-below-header-display":"","ast-hfb-mobile-header-display":"","site-post-title":"","ast-breadcrumbs-content":"","ast-featured-img":"disabled","footer-sml-layout":"","ast-disable-related-posts":"","theme-transparent-header-meta":"","adv-header-id-meta":"","stick-header-meta":"","header-above-stick-meta":"","header-main-stick-meta":"","header-below-stick-meta":"","astra-migrate-meta-layouts":"default","ast-page-background-enabled":"default","ast-page-background-meta":{"desktop":{"background-color":"var(--ast-global-color-5)","background-image":"","background-repeat":"repeat","background-position":"center center","background-size":"auto","background-attachment":"scroll","background-type":"","background-media":"","overlay-type":"","overlay-color":"","overlay-opacity":"","overlay-gradient":""},"tablet":{"background-color":"","background-image":"","background-repeat":"repeat","background-position":"center center","background-size":"auto","background-attachment":"scroll","background-type":"","background-media":"","overlay-type":"","overlay-color":"","overlay-opacity":"","overlay-gradient":""},"mobile":{"background-color":"","background-image":"","background-repeat":"repeat","background-position":"center center","background-size":"auto","background-attachment":"scroll","background-type":"","background-media":"","overlay-type":"","overlay-color":"","overlay-opacity":"","overlay-gradient":""}},"ast-content-background-meta":{"desktop":{"background-color":"var(--ast-global-color-4)","background-image":"","background-repeat":"repeat","background-position":"center center","background-size":"auto","background-attachment":"scroll","background-type":"","background-media":"","overlay-type":"","overlay-color":"","overlay-opacity":"","overlay-gradient":""},"tablet":{"background-color":"var(--ast-global-color-4)","background-image":"","background-repeat":"repeat","background-position":"center center","background-size":"auto","background-attachment":"scroll","background-type":"","background-media":"","overlay-type":"","overlay-color":"","overlay-opacity":"","overlay-gradient":""},"mobile":{"background-color":"var(--ast-global-color-4)","background-image":"","background-repeat":"repeat","background-position":"center center","background-size":"auto","background-attachment":"scroll","background-type":"","background-media":"","overlay-type":"","overlay-color":"","overlay-opacity":"","overlay-gradient":""}},"footnotes":""},"class_list":["post-476","page","type-page","status-publish","hentry"],"_links":{"self":[{"href":"https:\/\/paroquiaaparecidanilopolis.com.br\/index.php\/wp-json\/wp\/v2\/pages\/476","targetHints":{"allow":["GET"]}}],"collection":[{"href":"https:\/\/paroquiaaparecidanilopolis.com.br\/index.php\/wp-json\/wp\/v2\/pages"}],"about":[{"href":"https:\/\/paroquiaaparecidanilopolis.com.br\/index.php\/wp-json\/wp\/v2\/types\/page"}],"author":[{"embeddable":true,"href":"https:\/\/paroquiaaparecidanilopolis.com.br\/index.php\/wp-json\/wp\/v2\/users\/1"}],"replies":[{"embeddable":true,"href":"https:\/\/paroquiaaparecidanilopolis.com.br\/index.php\/wp-json\/wp\/v2\/comments?post=476"}],"version-history":[{"count":19,"href":"https:\/\/paroquiaaparecidanilopolis.com.br\/index.php\/wp-json\/wp\/v2\/pages\/476\/revisions"}],"predecessor-version":[{"id":4258,"href":"https:\/\/paroquiaaparecidanilopolis.com.br\/index.php\/wp-json\/wp\/v2\/pages\/476\/revisions\/4258"}],"wp:attachment":[{"href":"https:\/\/paroquiaaparecidanilopolis.com.br\/index.php\/wp-json\/wp\/v2\/media?parent=476"}],"curies":[{"name":"wp","href":"https:\/\/api.w.org\/{rel}","templated":true}]}}