{"id":453,"date":"2025-08-09T22:46:13","date_gmt":"2025-08-10T01:46:13","guid":{"rendered":"https:\/\/paroquiaaparecidanilopolis.com.br\/?page_id=453"},"modified":"2025-09-05T20:05:51","modified_gmt":"2025-09-05T23:05:51","slug":"sto-antonio","status":"publish","type":"page","link":"https:\/\/paroquiaaparecidanilopolis.com.br\/index.php\/sto-antonio\/","title":{"rendered":"Sto. Ant\u00f4nio"},"content":{"rendered":"\t\t<div data-elementor-type=\"wp-page\" data-elementor-id=\"453\" class=\"elementor elementor-453\" data-elementor-post-type=\"page\">\n\t\t\t\t<div class=\"elementor-element elementor-element-0524558 e-flex e-con-boxed e-con e-parent\" data-id=\"0524558\" data-element_type=\"container\" data-e-type=\"container\">\n\t\t\t\t\t<div class=\"e-con-inner\">\n\t\t\t\t<div class=\"elementor-element elementor-element-c1e0b94 elementor-widget elementor-widget-heading\" data-id=\"c1e0b94\" data-element_type=\"widget\" data-e-type=\"widget\" data-widget_type=\"heading.default\">\n\t\t\t\t\t<h2 class=\"elementor-heading-title elementor-size-default\">Santo Ant\u00f4nio<\/h2>\t\t\t\t<\/div>\n\t\t\t\t\t<\/div>\n\t\t\t\t<\/div>\n\t\t<div class=\"elementor-element elementor-element-3fe770d e-flex e-con-boxed e-con e-parent\" data-id=\"3fe770d\" data-element_type=\"container\" data-e-type=\"container\">\n\t\t\t\t\t<div class=\"e-con-inner\">\n\t\t\t\t<div class=\"elementor-element elementor-element-e314b49 elementor-widget elementor-widget-heading\" data-id=\"e314b49\" data-element_type=\"widget\" data-e-type=\"widget\" data-widget_type=\"heading.default\">\n\t\t\t\t\t<h4 class=\"elementor-heading-title elementor-size-default\">O Doutor da Igreja<\/h4>\t\t\t\t<\/div>\n\t\t\t\t\t<\/div>\n\t\t\t\t<\/div>\n\t\t<div class=\"elementor-element elementor-element-713c0f5 e-grid e-con-boxed e-con e-parent\" data-id=\"713c0f5\" data-element_type=\"container\" data-e-type=\"container\">\n\t\t\t\t\t<div class=\"e-con-inner\">\n\t\t\t\t<div class=\"elementor-element elementor-element-23687a7 elementor-widget elementor-widget-image\" data-id=\"23687a7\" data-element_type=\"widget\" data-e-type=\"widget\" data-widget_type=\"image.default\">\n\t\t\t\t\t\t\t\t\t\t\t\t\t\t\t<img fetchpriority=\"high\" decoding=\"async\" width=\"1024\" height=\"1024\" src=\"https:\/\/paroquiaaparecidanilopolis.com.br\/wp-content\/uploads\/2025\/08\/Gemini_Generated_Image_qqdccuqqdccuqqdc-1024x1024.png\" class=\"attachment-large size-large wp-image-1676\" alt=\"\" srcset=\"https:\/\/paroquiaaparecidanilopolis.com.br\/wp-content\/uploads\/2025\/08\/Gemini_Generated_Image_qqdccuqqdccuqqdc-1024x1024.png 1024w, https:\/\/paroquiaaparecidanilopolis.com.br\/wp-content\/uploads\/2025\/08\/Gemini_Generated_Image_qqdccuqqdccuqqdc-300x300.png 300w, https:\/\/paroquiaaparecidanilopolis.com.br\/wp-content\/uploads\/2025\/08\/Gemini_Generated_Image_qqdccuqqdccuqqdc-150x150.png 150w, https:\/\/paroquiaaparecidanilopolis.com.br\/wp-content\/uploads\/2025\/08\/Gemini_Generated_Image_qqdccuqqdccuqqdc-768x768.png 768w, https:\/\/paroquiaaparecidanilopolis.com.br\/wp-content\/uploads\/2025\/08\/Gemini_Generated_Image_qqdccuqqdccuqqdc-1536x1536.png 1536w, https:\/\/paroquiaaparecidanilopolis.com.br\/wp-content\/uploads\/2025\/08\/Gemini_Generated_Image_qqdccuqqdccuqqdc.png 2048w\" sizes=\"(max-width: 1024px) 100vw, 1024px\" \/>\t\t\t\t\t\t\t\t\t\t\t\t\t\t\t<\/div>\n\t\t\t\t<div class=\"elementor-element elementor-element-2c82438 elementor-widget elementor-widget-text-editor\" data-id=\"2c82438\" data-element_type=\"widget\" data-e-type=\"widget\" data-widget_type=\"text-editor.default\">\n\t\t\t\t\t\t\t\t\t<p data-start=\"124\" data-end=\"482\">Fernando de Bulh\u00f5es y Taveira de Azevedo nasceu na cidade de Lisboa, Portugal, em 1195. Foi ordenado sacerdote em 1220, no convento de Santa Cruz de Coimbra, dos C\u00f4negos Regulares de Santo Agostinho. Neste mesmo ano, entrou para a Ordem dos Frades Menores, sendo contempor\u00e2neo de S\u00e3o Francisco de Assis. Passou a chamar-se Ant\u00f4nio.<\/p><p data-start=\"484\" data-end=\"775\">Nesse per\u00edodo, uma enfermidade, durante uma viagem a Marrocos, impediu seus planos de pregar o Evangelho aos n\u00e3o-crist\u00e3os daquela regi\u00e3o. Pregou a Palavra de Deus por toda a Europa, combatendo os erros doutrinais e as heresias, cada vez mais numerosas em seu tempo. Faleceu no ano de 1231.<\/p><p data-start=\"777\" data-end=\"953\">Na festa de Pentecostes de 1232, Ant\u00f4nio \u2013 o \u201cSanto\u201d \u2013 foi canonizado. \u00c9 o padroeiro de Portugal, da Diocese de Nova Igua\u00e7u e um dos santos mais venerados pelo povo cat\u00f3lico.<\/p>\t\t\t\t\t\t\t\t<\/div>\n\t\t\t\t\t<\/div>\n\t\t\t\t<\/div>\n\t\t<div class=\"elementor-element elementor-element-f81c9b8 e-flex e-con-boxed e-con e-parent\" data-id=\"f81c9b8\" data-element_type=\"container\" data-e-type=\"container\">\n\t\t\t\t\t<div class=\"e-con-inner\">\n\t\t\t\t<div class=\"elementor-element elementor-element-ce35781 elementor-widget elementor-widget-heading\" data-id=\"ce35781\" data-element_type=\"widget\" data-e-type=\"widget\" data-widget_type=\"heading.default\">\n\t\t\t\t\t<h2 class=\"elementor-heading-title elementor-size-default\">Comunidade de Santo Ant\u00f4nio<\/h2>\t\t\t\t<\/div>\n\t\t\t\t\t<\/div>\n\t\t\t\t<\/div>\n\t\t<div class=\"elementor-element elementor-element-c96d329 e-flex e-con-boxed e-con e-parent\" data-id=\"c96d329\" data-element_type=\"container\" data-e-type=\"container\">\n\t\t\t\t\t<div class=\"e-con-inner\">\n\t\t\t\t<div class=\"elementor-element elementor-element-1212610 elementor-widget elementor-widget-heading\" data-id=\"1212610\" data-element_type=\"widget\" data-e-type=\"widget\" data-widget_type=\"heading.default\">\n\t\t\t\t\t<h4 class=\"elementor-heading-title elementor-size-default\">Hist\u00f3ria<\/h4>\t\t\t\t<\/div>\n\t\t\t\t\t<\/div>\n\t\t\t\t<\/div>\n\t\t<div class=\"elementor-element elementor-element-27a9077 e-flex e-con-boxed e-con e-parent\" data-id=\"27a9077\" data-element_type=\"container\" data-e-type=\"container\">\n\t\t\t\t\t<div class=\"e-con-inner\">\n\t\t<div class=\"elementor-element elementor-element-98fd96b e-con-full e-flex e-con e-child\" data-id=\"98fd96b\" data-element_type=\"container\" data-e-type=\"container\">\n\t\t<div class=\"elementor-element elementor-element-9f5cf3c e-con-full e-flex e-con e-child\" data-id=\"9f5cf3c\" data-element_type=\"container\" data-e-type=\"container\">\n\t\t\t\t<div class=\"elementor-element elementor-element-29f0325 elementor-widget elementor-widget-image\" data-id=\"29f0325\" data-element_type=\"widget\" data-e-type=\"widget\" data-widget_type=\"image.default\">\n\t\t\t\t\t\t\t\t\t\t\t\t\t\t\t\t<a href=\"https:\/\/paroquiaaparecidanilopolis.com.br\/wp-content\/uploads\/2025\/08\/Captura-de-tela-2025-08-11-115101.png\" data-elementor-open-lightbox=\"yes\" data-elementor-lightbox-title=\"Captura de tela 2025-08-11 115101\" data-e-action-hash=\"#elementor-action%3Aaction%3Dlightbox%26settings%3DeyJpZCI6MTA4NywidXJsIjoiaHR0cHM6XC9cL3Bhcm9xdWlhYXBhcmVjaWRhbmlsb3BvbGlzLmNvbS5iclwvd3AtY29udGVudFwvdXBsb2Fkc1wvMjAyNVwvMDhcL0NhcHR1cmEtZGUtdGVsYS0yMDI1LTA4LTExLTExNTEwMS5wbmcifQ%3D%3D\">\n\t\t\t\t\t\t\t<img decoding=\"async\" width=\"1024\" height=\"353\" src=\"https:\/\/paroquiaaparecidanilopolis.com.br\/wp-content\/uploads\/2025\/08\/Captura-de-tela-2025-08-11-115101-1024x353.png\" class=\"attachment-large size-large wp-image-1087\" alt=\"\" srcset=\"https:\/\/paroquiaaparecidanilopolis.com.br\/wp-content\/uploads\/2025\/08\/Captura-de-tela-2025-08-11-115101-1024x353.png 1024w, https:\/\/paroquiaaparecidanilopolis.com.br\/wp-content\/uploads\/2025\/08\/Captura-de-tela-2025-08-11-115101-300x103.png 300w, https:\/\/paroquiaaparecidanilopolis.com.br\/wp-content\/uploads\/2025\/08\/Captura-de-tela-2025-08-11-115101-768x264.png 768w, https:\/\/paroquiaaparecidanilopolis.com.br\/wp-content\/uploads\/2025\/08\/Captura-de-tela-2025-08-11-115101.png 1092w\" sizes=\"(max-width: 1024px) 100vw, 1024px\" \/>\t\t\t\t\t\t\t\t<\/a>\n\t\t\t\t\t\t\t\t\t\t\t\t\t\t\t<\/div>\n\t\t\t\t<\/div>\n\t\t<div class=\"elementor-element elementor-element-2b2c8f3 e-con-full e-flex e-con e-child\" data-id=\"2b2c8f3\" data-element_type=\"container\" data-e-type=\"container\">\n\t\t\t\t<div class=\"elementor-element elementor-element-01ef2c0 elementor-widget elementor-widget-image\" data-id=\"01ef2c0\" data-element_type=\"widget\" data-e-type=\"widget\" data-widget_type=\"image.default\">\n\t\t\t\t\t\t\t\t\t\t\t\t\t\t\t\t<a href=\"https:\/\/paroquiaaparecidanilopolis.com.br\/wp-content\/uploads\/2025\/08\/Captura-de-tela-2025-08-11-115154.png\" data-elementor-open-lightbox=\"yes\" data-elementor-lightbox-title=\"Captura de tela 2025-08-11 115154\" data-e-action-hash=\"#elementor-action%3Aaction%3Dlightbox%26settings%3DeyJpZCI6MTA4OSwidXJsIjoiaHR0cHM6XC9cL3Bhcm9xdWlhYXBhcmVjaWRhbmlsb3BvbGlzLmNvbS5iclwvd3AtY29udGVudFwvdXBsb2Fkc1wvMjAyNVwvMDhcL0NhcHR1cmEtZGUtdGVsYS0yMDI1LTA4LTExLTExNTE1NC5wbmcifQ%3D%3D\">\n\t\t\t\t\t\t\t<img decoding=\"async\" width=\"513\" height=\"384\" src=\"https:\/\/paroquiaaparecidanilopolis.com.br\/wp-content\/uploads\/2025\/08\/Captura-de-tela-2025-08-11-115154.png\" class=\"attachment-large size-large wp-image-1089\" alt=\"\" srcset=\"https:\/\/paroquiaaparecidanilopolis.com.br\/wp-content\/uploads\/2025\/08\/Captura-de-tela-2025-08-11-115154.png 513w, https:\/\/paroquiaaparecidanilopolis.com.br\/wp-content\/uploads\/2025\/08\/Captura-de-tela-2025-08-11-115154-300x225.png 300w\" sizes=\"(max-width: 513px) 100vw, 513px\" \/>\t\t\t\t\t\t\t\t<\/a>\n\t\t\t\t\t\t\t\t\t\t\t\t\t\t\t<\/div>\n\t\t\t\t<\/div>\n\t\t\t\t<\/div>\n\t\t\t\t\t<\/div>\n\t\t\t\t<\/div>\n\t\t<div class=\"elementor-element elementor-element-4e66e43 e-flex e-con-boxed e-con e-parent\" data-id=\"4e66e43\" data-element_type=\"container\" data-e-type=\"container\">\n\t\t\t\t\t<div class=\"e-con-inner\">\n\t\t\t\t<div class=\"elementor-element elementor-element-5643c50 elementor-widget elementor-widget-text-editor\" data-id=\"5643c50\" data-element_type=\"widget\" data-e-type=\"widget\" data-widget_type=\"text-editor.default\">\n\t\t\t\t\t\t\t\t\t<p data-start=\"147\" data-end=\"519\">No come\u00e7o do ano de 1966, discutia-se a car\u00eancia espiritual das regi\u00f5es mais afastadas da par\u00f3quia e a necessidade de iniciar novos centros pastorais na cidade. Foi a determina\u00e7\u00e3o do Sr. Br\u00edgida Louren\u00e7o Alves e da Sra. Eunice da Rocha que motivou o surgimento da nova comunidade. Passaram ent\u00e3o a se reunir em um terreno baldio da Rua S\u00e3o Gon\u00e7alo.<\/p><p data-start=\"521\" data-end=\"745\">Tr\u00eas meses depois, Frei Didimo encontrou uma f\u00e1brica fechada na Rua Maria Braga, 362, de propriedade do Sr. Jos\u00e9 Costa, que alugou o espa\u00e7o para a celebra\u00e7\u00e3o das missas, antes prejudicadas nos dias de chuva ou forte calor.<\/p><p data-start=\"747\" data-end=\"907\">Em meados de fevereiro de 1967, a Escola Santo Ant\u00f4nio iniciou suas atividades. No dia 13 de junho do mesmo ano, aconteceu a primeira prociss\u00e3o da comunidade.<\/p><p data-start=\"909\" data-end=\"1227\">O atual terreno foi doado pela Prefeitura por interm\u00e9dio do Sr. Ant\u00f4nio Porto, presidente da C\u00e2mara Municipal. A edi\u00e7\u00e3o de 17 de janeiro de 1970 do jornal <em data-start=\"1064\" data-end=\"1098\">A Voz dos Munic\u00edpios Fluminenses<\/em> publicou uma nota com a resolu\u00e7\u00e3o municipal que dava \u00e0 Mitra Diocesana autoriza\u00e7\u00e3o para o funcionamento da escola e da capela.<\/p><p data-start=\"1229\" data-end=\"1567\">Com o terreno desapropriado e o aumento excessivo do aluguel, Frei Paulo Rebein dirigiu-se a amigos e conhecidos de S\u00e3o Paulo a fim de levantar recursos para o in\u00edcio das obras da comunidade. Em 21 de abril, Dom Adriano Hip\u00f3lito procedeu \u00e0 b\u00ean\u00e7\u00e3o da comunidade, que, nos \u00faltimos anos, passou por diversas reformas e criou novos espa\u00e7os.<\/p><p data-start=\"1569\" data-end=\"1834\">A celebra\u00e7\u00e3o das bodas de prata, no dia 31 de outubro de 1996, e a visita das rel\u00edquias de Santo Ant\u00f4nio, no dia 23 de maio de 1999, foram acontecimentos marcantes. Em n\u00edvel de reformas, foi colocado o piso do sal\u00e3o. A escritura do terreno tramita em <em data-start=\"1820\" data-end=\"1831\">usucapi\u00e3o<\/em>.<\/p><p data-start=\"1569\" data-end=\"1834\"><span style=\"font-weight: bold;\">A comunidade est\u00e1 localizada no endere\u00e7o:<\/span><\/p><p data-start=\"1569\" data-end=\"1834\"><span class=\"w8qArf FoJoyf\"><em>\u2022\u00a0 <\/em>Endere\u00e7o:\u00a0<\/span><span class=\"LrzXr\">R. Ernesto Cardoso, 260 &#8211; Santos Dumont, Nil\u00f3polis &#8211; RJ, 26510-457<\/span><\/p>\t\t\t\t\t\t\t\t<\/div>\n\t\t\t\t\t<\/div>\n\t\t\t\t<\/div>\n\t\t<div class=\"elementor-element elementor-element-189d2f1 e-flex e-con-boxed e-con e-parent\" data-id=\"189d2f1\" data-element_type=\"container\" data-e-type=\"container\">\n\t\t\t\t\t<div class=\"e-con-inner\">\n\t\t\t\t<div class=\"elementor-element elementor-element-09518fc elementor-widget elementor-widget-heading\" data-id=\"09518fc\" data-element_type=\"widget\" data-e-type=\"widget\" data-widget_type=\"heading.default\">\n\t\t\t\t\t<h5 class=\"elementor-heading-title elementor-size-default\">Fa\u00e7a parte da Comunidade  Santo Ant\u00f4nio<\/h5>\t\t\t\t<\/div>\n\t\t\t\t\t<\/div>\n\t\t\t\t<\/div>\n\t\t<div class=\"elementor-element elementor-element-a344750 e-flex e-con-boxed e-con e-parent\" data-id=\"a344750\" data-element_type=\"container\" data-e-type=\"container\">\n\t\t\t\t\t<div class=\"e-con-inner\">\n\t\t\t\t<div class=\"elementor-element elementor-element-2666b66 elementor-shape-rounded elementor-grid-0 e-grid-align-center elementor-widget elementor-widget-social-icons\" data-id=\"2666b66\" data-element_type=\"widget\" data-e-type=\"widget\" data-widget_type=\"social-icons.default\">\n\t\t\t\t\t\t\t<div class=\"elementor-social-icons-wrapper elementor-grid\" role=\"list\">\n\t\t\t\t\t\t\t<span class=\"elementor-grid-item\" role=\"listitem\">\n\t\t\t\t\t<a class=\"elementor-icon elementor-social-icon elementor-social-icon-instagram elementor-repeater-item-be4f267\" href=\"https:\/\/www.instagram.com\/santoantonionilo\/\" target=\"_blank\">\n\t\t\t\t\t\t<span class=\"elementor-screen-only\">Instagram<\/span>\n\t\t\t\t\t\t<svg aria-hidden=\"true\" class=\"e-font-icon-svg e-fab-instagram\" viewBox=\"0 0 448 512\" xmlns=\"http:\/\/www.w3.org\/2000\/svg\"><path d=\"M224.1 141c-63.6 0-114.9 51.3-114.9 114.9s51.3 114.9 114.9 114.9S339 319.5 339 255.9 287.7 141 224.1 141zm0 189.6c-41.1 0-74.7-33.5-74.7-74.7s33.5-74.7 74.7-74.7 74.7 33.5 74.7 74.7-33.6 74.7-74.7 74.7zm146.4-194.3c0 14.9-12 26.8-26.8 26.8-14.9 0-26.8-12-26.8-26.8s12-26.8 26.8-26.8 26.8 12 26.8 26.8zm76.1 27.2c-1.7-35.9-9.9-67.7-36.2-93.9-26.2-26.2-58-34.4-93.9-36.2-37-2.1-147.9-2.1-184.9 0-35.8 1.7-67.6 9.9-93.9 36.1s-34.4 58-36.2 93.9c-2.1 37-2.1 147.9 0 184.9 1.7 35.9 9.9 67.7 36.2 93.9s58 34.4 93.9 36.2c37 2.1 147.9 2.1 184.9 0 35.9-1.7 67.7-9.9 93.9-36.2 26.2-26.2 34.4-58 36.2-93.9 2.1-37 2.1-147.8 0-184.8zM398.8 388c-7.8 19.6-22.9 34.7-42.6 42.6-29.5 11.7-99.5 9-132.1 9s-102.7 2.6-132.1-9c-19.6-7.8-34.7-22.9-42.6-42.6-11.7-29.5-9-99.5-9-132.1s-2.6-102.7 9-132.1c7.8-19.6 22.9-34.7 42.6-42.6 29.5-11.7 99.5-9 132.1-9s102.7-2.6 132.1 9c19.6 7.8 34.7 22.9 42.6 42.6 11.7 29.5 9 99.5 9 132.1s2.7 102.7-9 132.1z\"><\/path><\/svg>\t\t\t\t\t<\/a>\n\t\t\t\t<\/span>\n\t\t\t\t\t\t\t<span class=\"elementor-grid-item\" role=\"listitem\">\n\t\t\t\t\t<a class=\"elementor-icon elementor-social-icon elementor-social-icon-facebook elementor-repeater-item-eb9676d\" href=\"https:\/\/www.facebook.com\/santoantonionilo\/?ref=_xav_ig_profile_page_web#\" target=\"_blank\">\n\t\t\t\t\t\t<span class=\"elementor-screen-only\">Facebook<\/span>\n\t\t\t\t\t\t<svg aria-hidden=\"true\" class=\"e-font-icon-svg e-fab-facebook\" viewBox=\"0 0 512 512\" xmlns=\"http:\/\/www.w3.org\/2000\/svg\"><path d=\"M504 256C504 119 393 8 256 8S8 119 8 256c0 123.78 90.69 226.38 209.25 245V327.69h-63V256h63v-54.64c0-62.15 37-96.48 93.67-96.48 27.14 0 55.52 4.84 55.52 4.84v61h-31.28c-30.8 0-40.41 19.12-40.41 38.73V256h68.78l-11 71.69h-57.78V501C413.31 482.38 504 379.78 504 256z\"><\/path><\/svg>\t\t\t\t\t<\/a>\n\t\t\t\t<\/span>\n\t\t\t\t\t<\/div>\n\t\t\t\t\t\t<\/div>\n\t\t\t\t\t<\/div>\n\t\t\t\t<\/div>\n\t\t<div class=\"elementor-element elementor-element-dde542f e-flex e-con-boxed e-con e-parent\" data-id=\"dde542f\" data-element_type=\"container\" data-e-type=\"container\">\n\t\t\t\t\t<div class=\"e-con-inner\">\n\t\t\t\t<div class=\"elementor-element elementor-element-e8a2d78 elementor--h-position-center elementor--v-position-middle elementor-arrows-position-inside elementor-pagination-position-inside elementor-widget elementor-widget-slides\" data-id=\"e8a2d78\" data-element_type=\"widget\" data-e-type=\"widget\" data-settings=\"{&quot;navigation&quot;:&quot;both&quot;,&quot;autoplay&quot;:&quot;yes&quot;,&quot;pause_on_hover&quot;:&quot;yes&quot;,&quot;pause_on_interaction&quot;:&quot;yes&quot;,&quot;autoplay_speed&quot;:5000,&quot;infinite&quot;:&quot;yes&quot;,&quot;transition&quot;:&quot;slide&quot;,&quot;transition_speed&quot;:500}\" data-widget_type=\"slides.default\">\n\t\t\t\t\t\t\t\t\t\t<div class=\"elementor-slides-wrapper elementor-main-swiper swiper\" role=\"region\" aria-roledescription=\"carousel\" aria-label=\"Slides\" dir=\"ltr\" data-animation=\"fadeInUp\">\n\t\t\t\t<div class=\"swiper-wrapper elementor-slides\">\n\t\t\t\t\t\t\t\t\t\t<div class=\"elementor-repeater-item-9f260cd swiper-slide\" role=\"group\" aria-roledescription=\"slide\"><div class=\"swiper-slide-bg\" role=\"img\" aria-label=\"WhatsApp Image 2025-08-14 at 18.38.24\"><\/div><div class=\"swiper-slide-inner\" ><div class=\"swiper-slide-contents\"><\/div><\/div><\/div><div class=\"elementor-repeater-item-4b093e3 swiper-slide\" role=\"group\" aria-roledescription=\"slide\"><div class=\"swiper-slide-bg\" role=\"img\" aria-label=\"WhatsApp Image 2025-08-14 at 18.38.39\"><\/div><div class=\"swiper-slide-inner\" ><div class=\"swiper-slide-contents\"><\/div><\/div><\/div><div class=\"elementor-repeater-item-b95b671 swiper-slide\" role=\"group\" aria-roledescription=\"slide\"><div class=\"swiper-slide-bg\" role=\"img\" aria-label=\"WhatsApp Image 2025-08-14 at 18.38.40\"><\/div><div class=\"swiper-slide-inner\" ><div class=\"swiper-slide-contents\"><\/div><\/div><\/div>\t\t\t\t<\/div>\n\t\t\t\t\t\t\t\t\t\t\t\t\t\t\t<div class=\"elementor-swiper-button elementor-swiper-button-prev\" role=\"button\" tabindex=\"0\" aria-label=\"Slide anterior\">\n\t\t\t\t\t\t\t<svg aria-hidden=\"true\" class=\"e-font-icon-svg e-eicon-chevron-left\" viewBox=\"0 0 1000 1000\" xmlns=\"http:\/\/www.w3.org\/2000\/svg\"><path d=\"M646 125C629 125 613 133 604 142L308 442C296 454 292 471 292 487 292 504 296 521 308 533L604 854C617 867 629 875 646 875 663 875 679 871 692 858 704 846 713 829 713 812 713 796 708 779 692 767L438 487 692 225C700 217 708 204 708 187 708 171 704 154 692 142 675 129 663 125 646 125Z\"><\/path><\/svg>\t\t\t\t\t\t<\/div>\n\t\t\t\t\t\t<div class=\"elementor-swiper-button elementor-swiper-button-next\" role=\"button\" tabindex=\"0\" aria-label=\"Pr\u00f3ximo slide\">\n\t\t\t\t\t\t\t<svg aria-hidden=\"true\" class=\"e-font-icon-svg e-eicon-chevron-right\" viewBox=\"0 0 1000 1000\" xmlns=\"http:\/\/www.w3.org\/2000\/svg\"><path d=\"M696 533C708 521 713 504 713 487 713 471 708 454 696 446L400 146C388 133 375 125 354 125 338 125 325 129 313 142 300 154 292 171 292 187 292 204 296 221 308 233L563 492 304 771C292 783 288 800 288 817 288 833 296 850 308 863 321 871 338 875 354 875 371 875 388 867 400 854L696 533Z\"><\/path><\/svg>\t\t\t\t\t\t<\/div>\n\t\t\t\t\t\t\t\t\t\t\t\t\t\t\t\t<div class=\"swiper-pagination\"><\/div>\n\t\t\t\t\t\t\t\t\t\t\t\t<\/div>\n\t\t\t\t\t\t\t\t<\/div>\n\t\t\t\t\t<\/div>\n\t\t\t\t<\/div>\n\t\t<div class=\"elementor-element elementor-element-69a9c4d e-flex e-con-boxed e-con e-parent\" data-id=\"69a9c4d\" data-element_type=\"container\" data-e-type=\"container\">\n\t\t\t\t\t<div class=\"e-con-inner\">\n\t\t\t\t<div class=\"elementor-element elementor-element-375a083 elementor-widget elementor-widget-heading\" data-id=\"375a083\" data-element_type=\"widget\" data-e-type=\"widget\" data-widget_type=\"heading.default\">\n\t\t\t\t\t<h4 class=\"elementor-heading-title elementor-size-default\">Ben\u00e7\u00e3o de Santo Ant\u00f4nio<\/h4>\t\t\t\t<\/div>\n\t\t\t\t\t<\/div>\n\t\t\t\t<\/div>\n\t\t<div class=\"elementor-element elementor-element-9f6048f e-flex e-con-boxed e-con e-parent\" data-id=\"9f6048f\" data-element_type=\"container\" data-e-type=\"container\">\n\t\t\t\t\t<div class=\"e-con-inner\">\n\t\t\t\t<div class=\"elementor-element elementor-element-1ade52a elementor-widget elementor-widget-text-editor\" data-id=\"1ade52a\" data-element_type=\"widget\" data-e-type=\"widget\" data-widget_type=\"text-editor.default\">\n\t\t\t\t\t\t\t\t\t<p>Eis aqui a Cruz do Senhor!<br \/>Fugi, partes contr\u00e1rias, venceu o Le\u00e3o da Tribo de Jud\u00e1 e a Raiz de Davi. Aleluia, aleluia! Cristo vence, Cristo reina,<br \/>Cristo manda com imp\u00e9rio, Cristo nos defende de todo o mal.<br \/>Cristo Rei veio em paz, o Verbo se encarnou e Deus se fez homem. Am\u00e9m!<\/p>\t\t\t\t\t\t\t\t<\/div>\n\t\t\t\t\t<\/div>\n\t\t\t\t<\/div>\n\t\t\t\t<\/div>\n\t\t","protected":false},"excerpt":{"rendered":"<p>Santo Ant\u00f4nio O Doutor da Igreja Fernando de Bulh\u00f5es y Taveira de Azevedo nasceu na cidade de Lisboa, Portugal, em [&hellip;]<\/p>\n","protected":false},"author":1,"featured_media":0,"parent":0,"menu_order":0,"comment_status":"closed","ping_status":"closed","template":"","meta":{"site-sidebar-layout":"no-sidebar","site-content-layout":"","ast-site-content-layout":"full-width-container","site-content-style":"default","site-sidebar-style":"default","ast-global-header-display":"","ast-banner-title-visibility":"","ast-main-header-display":"","ast-hfb-above-header-display":"","ast-hfb-below-header-display":"","ast-hfb-mobile-header-display":"","site-post-title":"","ast-breadcrumbs-content":"","ast-featured-img":"disabled","footer-sml-layout":"","ast-disable-related-posts":"","theme-transparent-header-meta":"","adv-header-id-meta":"","stick-header-meta":"","header-above-stick-meta":"","header-main-stick-meta":"","header-below-stick-meta":"","astra-migrate-meta-layouts":"default","ast-page-background-enabled":"default","ast-page-background-meta":{"desktop":{"background-color":"var(--ast-global-color-5)","background-image":"","background-repeat":"repeat","background-position":"center center","background-size":"auto","background-attachment":"scroll","background-type":"","background-media":"","overlay-type":"","overlay-color":"","overlay-opacity":"","overlay-gradient":""},"tablet":{"background-color":"","background-image":"","background-repeat":"repeat","background-position":"center center","background-size":"auto","background-attachment":"scroll","background-type":"","background-media":"","overlay-type":"","overlay-color":"","overlay-opacity":"","overlay-gradient":""},"mobile":{"background-color":"","background-image":"","background-repeat":"repeat","background-position":"center center","background-size":"auto","background-attachment":"scroll","background-type":"","background-media":"","overlay-type":"","overlay-color":"","overlay-opacity":"","overlay-gradient":""}},"ast-content-background-meta":{"desktop":{"background-color":"var(--ast-global-color-4)","background-image":"","background-repeat":"repeat","background-position":"center center","background-size":"auto","background-attachment":"scroll","background-type":"","background-media":"","overlay-type":"","overlay-color":"","overlay-opacity":"","overlay-gradient":""},"tablet":{"background-color":"var(--ast-global-color-4)","background-image":"","background-repeat":"repeat","background-position":"center center","background-size":"auto","background-attachment":"scroll","background-type":"","background-media":"","overlay-type":"","overlay-color":"","overlay-opacity":"","overlay-gradient":""},"mobile":{"background-color":"var(--ast-global-color-4)","background-image":"","background-repeat":"repeat","background-position":"center center","background-size":"auto","background-attachment":"scroll","background-type":"","background-media":"","overlay-type":"","overlay-color":"","overlay-opacity":"","overlay-gradient":""}},"footnotes":""},"class_list":["post-453","page","type-page","status-publish","hentry"],"_links":{"self":[{"href":"https:\/\/paroquiaaparecidanilopolis.com.br\/index.php\/wp-json\/wp\/v2\/pages\/453","targetHints":{"allow":["GET"]}}],"collection":[{"href":"https:\/\/paroquiaaparecidanilopolis.com.br\/index.php\/wp-json\/wp\/v2\/pages"}],"about":[{"href":"https:\/\/paroquiaaparecidanilopolis.com.br\/index.php\/wp-json\/wp\/v2\/types\/page"}],"author":[{"embeddable":true,"href":"https:\/\/paroquiaaparecidanilopolis.com.br\/index.php\/wp-json\/wp\/v2\/users\/1"}],"replies":[{"embeddable":true,"href":"https:\/\/paroquiaaparecidanilopolis.com.br\/index.php\/wp-json\/wp\/v2\/comments?post=453"}],"version-history":[{"count":61,"href":"https:\/\/paroquiaaparecidanilopolis.com.br\/index.php\/wp-json\/wp\/v2\/pages\/453\/revisions"}],"predecessor-version":[{"id":7059,"href":"https:\/\/paroquiaaparecidanilopolis.com.br\/index.php\/wp-json\/wp\/v2\/pages\/453\/revisions\/7059"}],"wp:attachment":[{"href":"https:\/\/paroquiaaparecidanilopolis.com.br\/index.php\/wp-json\/wp\/v2\/media?parent=453"}],"curies":[{"name":"wp","href":"https:\/\/api.w.org\/{rel}","templated":true}]}}