{"id":444,"date":"2025-08-09T22:44:32","date_gmt":"2025-08-10T01:44:32","guid":{"rendered":"https:\/\/paroquiaaparecidanilopolis.com.br\/?page_id=444"},"modified":"2025-08-22T10:00:42","modified_gmt":"2025-08-22T13:00:42","slug":"n-s-de-fatima","status":"publish","type":"page","link":"https:\/\/paroquiaaparecidanilopolis.com.br\/index.php\/n-s-de-fatima\/","title":{"rendered":"N. S. de F\u00e1tima"},"content":{"rendered":"\t\t<div data-elementor-type=\"wp-page\" data-elementor-id=\"444\" class=\"elementor elementor-444\" data-elementor-post-type=\"page\">\n\t\t\t\t<div class=\"elementor-element elementor-element-6c58d75 e-flex e-con-boxed e-con e-parent\" data-id=\"6c58d75\" data-element_type=\"container\" data-e-type=\"container\">\n\t\t\t\t\t<div class=\"e-con-inner\">\n\t\t\t\t<div class=\"elementor-element elementor-element-09d4923 elementor-widget elementor-widget-heading\" data-id=\"09d4923\" data-element_type=\"widget\" data-e-type=\"widget\" data-widget_type=\"heading.default\">\n\t\t\t\t\t<h2 class=\"elementor-heading-title elementor-size-default\">Nossa Senhora de F\u00e1tima<\/h2>\t\t\t\t<\/div>\n\t\t\t\t\t<\/div>\n\t\t\t\t<\/div>\n\t\t<div class=\"elementor-element elementor-element-5ac8224 e-flex e-con-boxed e-con e-parent\" data-id=\"5ac8224\" data-element_type=\"container\" data-e-type=\"container\">\n\t\t\t\t\t<div class=\"e-con-inner\">\n\t\t\t\t<div class=\"elementor-element elementor-element-8674a8b elementor-widget elementor-widget-heading\" data-id=\"8674a8b\" data-element_type=\"widget\" data-e-type=\"widget\" data-widget_type=\"heading.default\">\n\t\t\t\t\t<h4 class=\"elementor-heading-title elementor-size-default\">Uma Senhora mais brilhante que o sol<\/h4>\t\t\t\t<\/div>\n\t\t\t\t\t<\/div>\n\t\t\t\t<\/div>\n\t\t<div class=\"elementor-element elementor-element-c65b0a5 e-grid e-con-boxed e-con e-parent\" data-id=\"c65b0a5\" data-element_type=\"container\" data-e-type=\"container\">\n\t\t\t\t\t<div class=\"e-con-inner\">\n\t\t\t\t<div class=\"elementor-element elementor-element-a59d7f0 elementor-widget elementor-widget-image\" data-id=\"a59d7f0\" data-element_type=\"widget\" data-e-type=\"widget\" data-widget_type=\"image.default\">\n\t\t\t\t\t\t\t\t\t\t\t\t\t\t\t<img fetchpriority=\"high\" decoding=\"async\" width=\"1024\" height=\"1024\" src=\"https:\/\/paroquiaaparecidanilopolis.com.br\/wp-content\/uploads\/2025\/08\/Gemini_Generated_Image_rrffq2rrffq2rrff-1024x1024.png\" class=\"attachment-large size-large wp-image-2031\" alt=\"\" srcset=\"https:\/\/paroquiaaparecidanilopolis.com.br\/wp-content\/uploads\/2025\/08\/Gemini_Generated_Image_rrffq2rrffq2rrff-1024x1024.png 1024w, https:\/\/paroquiaaparecidanilopolis.com.br\/wp-content\/uploads\/2025\/08\/Gemini_Generated_Image_rrffq2rrffq2rrff-300x300.png 300w, https:\/\/paroquiaaparecidanilopolis.com.br\/wp-content\/uploads\/2025\/08\/Gemini_Generated_Image_rrffq2rrffq2rrff-150x150.png 150w, https:\/\/paroquiaaparecidanilopolis.com.br\/wp-content\/uploads\/2025\/08\/Gemini_Generated_Image_rrffq2rrffq2rrff-768x768.png 768w, https:\/\/paroquiaaparecidanilopolis.com.br\/wp-content\/uploads\/2025\/08\/Gemini_Generated_Image_rrffq2rrffq2rrff-1536x1536.png 1536w, https:\/\/paroquiaaparecidanilopolis.com.br\/wp-content\/uploads\/2025\/08\/Gemini_Generated_Image_rrffq2rrffq2rrff.png 2048w\" sizes=\"(max-width: 1024px) 100vw, 1024px\" \/>\t\t\t\t\t\t\t\t\t\t\t\t\t\t\t<\/div>\n\t\t\t\t<div class=\"elementor-element elementor-element-b755c0d elementor-widget elementor-widget-text-editor\" data-id=\"b755c0d\" data-element_type=\"widget\" data-e-type=\"widget\" data-widget_type=\"text-editor.default\">\n\t\t\t\t\t\t\t\t\t<p>No dia 13 de maio de 1917, na cidade de Fatima, Portugal, Lucia, Jacinta e Francisco brincavam na Cova da Iria. Neste lugar, apareceu-lhes a Mae de Deus. &#8220;Era uma Senhora mais brilhante que o sol, vestida toda de branco, espargindo luz mais clara e intensa que um copo de cristal, cheio de agua cristalina, atravessado pelos raios do sol mais ardentes, e a face indescritivelmente bela, com ar de suave censura&#8221;, descrevia Irma Lucia.<\/p><p>Nossa Senhora exortava os pastorinhos a se aprofundarem na ora\u00e7\u00e3o, no jejum e na vida fraterna, para alcan9ar a paz no mundo que sofria com a 1a guerra mundial. Na ultima das seis apari\u00e7\u00f5es, 60 mil pessoas assistiram ao milagre do sol, encerrando o ciclo das apari96es.<\/p><p>No dia 13 de maio de 2000, Jacinta e Francisco foram beatificados, em celebra\u00e7\u00e3o presidida pelo Papa Joao Paulo II. Neste dia, o silencio da Igreja sobre o terceiro segredo de Fatima finalmente foi quebrado. Nesta oportunidade, o Santo Padre revelou que se tratava do atentado sofrido por ele no ano de 1981, em Roma.<\/p>\t\t\t\t\t\t\t\t<\/div>\n\t\t\t\t\t<\/div>\n\t\t\t\t<\/div>\n\t\t<div class=\"elementor-element elementor-element-95dc8e3 e-flex e-con-boxed e-con e-parent\" data-id=\"95dc8e3\" data-element_type=\"container\" data-e-type=\"container\">\n\t\t\t\t\t<div class=\"e-con-inner\">\n\t\t\t\t<div class=\"elementor-element elementor-element-6e5e815 elementor-widget elementor-widget-heading\" data-id=\"6e5e815\" data-element_type=\"widget\" data-e-type=\"widget\" data-widget_type=\"heading.default\">\n\t\t\t\t\t<h3 class=\"elementor-heading-title elementor-size-default\">Comunidade Nossa Senhora de F\u00e1tima<\/h3>\t\t\t\t<\/div>\n\t\t\t\t\t<\/div>\n\t\t\t\t<\/div>\n\t\t<div class=\"elementor-element elementor-element-3032947 e-flex e-con-boxed e-con e-parent\" data-id=\"3032947\" data-element_type=\"container\" data-e-type=\"container\">\n\t\t\t\t\t<div class=\"e-con-inner\">\n\t\t\t\t<div class=\"elementor-element elementor-element-7185d66 elementor-widget elementor-widget-heading\" data-id=\"7185d66\" data-element_type=\"widget\" data-e-type=\"widget\" data-widget_type=\"heading.default\">\n\t\t\t\t\t<h4 class=\"elementor-heading-title elementor-size-default\">Hist\u00f3ria<\/h4>\t\t\t\t<\/div>\n\t\t\t\t\t<\/div>\n\t\t\t\t<\/div>\n\t\t<div class=\"elementor-element elementor-element-c664b3d e-flex e-con-boxed e-con e-parent\" data-id=\"c664b3d\" data-element_type=\"container\" data-e-type=\"container\">\n\t\t\t\t\t<div class=\"e-con-inner\">\n\t\t<div class=\"elementor-element elementor-element-21d121a e-con-full e-flex e-con e-child\" data-id=\"21d121a\" data-element_type=\"container\" data-e-type=\"container\">\n\t\t\t\t<div class=\"elementor-element elementor-element-e321296 elementor-widget elementor-widget-image\" data-id=\"e321296\" data-element_type=\"widget\" data-e-type=\"widget\" data-widget_type=\"image.default\">\n\t\t\t\t\t\t\t\t\t\t\t\t\t\t\t\t<a href=\"https:\/\/paroquiaaparecidanilopolis.com.br\/wp-content\/uploads\/2025\/08\/IMAGEM-ANTIGA.jpg\" data-elementor-open-lightbox=\"yes\" data-elementor-lightbox-title=\"IMAGEM ANTIGA\" data-e-action-hash=\"#elementor-action%3Aaction%3Dlightbox%26settings%3DeyJpZCI6OTAxLCJ1cmwiOiJodHRwczpcL1wvcGFyb3F1aWFhcGFyZWNpZGFuaWxvcG9saXMuY29tLmJyXC93cC1jb250ZW50XC91cGxvYWRzXC8yMDI1XC8wOFwvSU1BR0VNLUFOVElHQS5qcGcifQ%3D%3D\">\n\t\t\t\t\t\t\t<img decoding=\"async\" width=\"1024\" height=\"335\" src=\"https:\/\/paroquiaaparecidanilopolis.com.br\/wp-content\/uploads\/2025\/08\/IMAGEM-ANTIGA-1024x335.jpg\" class=\"attachment-large size-large wp-image-901\" alt=\"\" srcset=\"https:\/\/paroquiaaparecidanilopolis.com.br\/wp-content\/uploads\/2025\/08\/IMAGEM-ANTIGA-1024x335.jpg 1024w, https:\/\/paroquiaaparecidanilopolis.com.br\/wp-content\/uploads\/2025\/08\/IMAGEM-ANTIGA-300x98.jpg 300w, https:\/\/paroquiaaparecidanilopolis.com.br\/wp-content\/uploads\/2025\/08\/IMAGEM-ANTIGA-768x251.jpg 768w, https:\/\/paroquiaaparecidanilopolis.com.br\/wp-content\/uploads\/2025\/08\/IMAGEM-ANTIGA-1536x503.jpg 1536w, https:\/\/paroquiaaparecidanilopolis.com.br\/wp-content\/uploads\/2025\/08\/IMAGEM-ANTIGA.jpg 1956w\" sizes=\"(max-width: 1024px) 100vw, 1024px\" \/>\t\t\t\t\t\t\t\t<\/a>\n\t\t\t\t\t\t\t\t\t\t\t\t\t\t\t<\/div>\n\t\t\t\t<\/div>\n\t\t<div class=\"elementor-element elementor-element-d6d5586 e-con-full e-flex e-con e-child\" data-id=\"d6d5586\" data-element_type=\"container\" data-e-type=\"container\">\n\t\t\t\t<div class=\"elementor-element elementor-element-6ef4f75 elementor-widget elementor-widget-image\" data-id=\"6ef4f75\" data-element_type=\"widget\" data-e-type=\"widget\" data-widget_type=\"image.default\">\n\t\t\t\t\t\t\t\t\t\t\t\t\t\t\t\t<a href=\"https:\/\/paroquiaaparecidanilopolis.com.br\/wp-content\/uploads\/2025\/08\/VISTA-PRO-ALTAR.jpg\" data-elementor-open-lightbox=\"yes\" data-elementor-lightbox-title=\"VISTA PRO ALTAR\" data-e-action-hash=\"#elementor-action%3Aaction%3Dlightbox%26settings%3DeyJpZCI6OTAzLCJ1cmwiOiJodHRwczpcL1wvcGFyb3F1aWFhcGFyZWNpZGFuaWxvcG9saXMuY29tLmJyXC93cC1jb250ZW50XC91cGxvYWRzXC8yMDI1XC8wOFwvVklTVEEtUFJPLUFMVEFSLmpwZyJ9\">\n\t\t\t\t\t\t\t<img decoding=\"async\" width=\"956\" height=\"636\" src=\"https:\/\/paroquiaaparecidanilopolis.com.br\/wp-content\/uploads\/2025\/08\/VISTA-PRO-ALTAR.jpg\" class=\"attachment-large size-large wp-image-903\" alt=\"\" srcset=\"https:\/\/paroquiaaparecidanilopolis.com.br\/wp-content\/uploads\/2025\/08\/VISTA-PRO-ALTAR.jpg 956w, https:\/\/paroquiaaparecidanilopolis.com.br\/wp-content\/uploads\/2025\/08\/VISTA-PRO-ALTAR-300x200.jpg 300w, https:\/\/paroquiaaparecidanilopolis.com.br\/wp-content\/uploads\/2025\/08\/VISTA-PRO-ALTAR-768x511.jpg 768w\" sizes=\"(max-width: 956px) 100vw, 956px\" \/>\t\t\t\t\t\t\t\t<\/a>\n\t\t\t\t\t\t\t\t\t\t\t\t\t\t\t<\/div>\n\t\t\t\t<\/div>\n\t\t\t\t\t<\/div>\n\t\t\t\t<\/div>\n\t\t<div class=\"elementor-element elementor-element-5bc74da e-flex e-con-boxed e-con e-parent\" data-id=\"5bc74da\" data-element_type=\"container\" data-e-type=\"container\">\n\t\t\t\t\t<div class=\"e-con-inner\">\n\t\t\t\t<div class=\"elementor-element elementor-element-53ce74f elementor-widget elementor-widget-text-editor\" data-id=\"53ce74f\" data-element_type=\"widget\" data-e-type=\"widget\" data-widget_type=\"text-editor.default\">\n\t\t\t\t\t\t\t\t\t<p data-start=\"189\" data-end=\"463\">As Santas Miss\u00f5es Populares de 1956 foram o ponto de partida para o in\u00edcio da nova comunidade. Um grupo de frades, vindos do sul do pa\u00eds, reunia-se junto com os cat\u00f3licos da regi\u00e3o no Educand\u00e1rio Dalila Dutra \u2014 atual Col\u00e9gio Estadual M\u00e1rio Campos \u2014 na Rua Marqu\u00eas Can\u00e1rio.<\/p><p data-start=\"465\" data-end=\"845\">Quando o propriet\u00e1rio resolveu doar o terreno vizinho ao Educand\u00e1rio, onde j\u00e1 aconteciam as celebra\u00e7\u00f5es dominicais, para a constru\u00e7\u00e3o de uma capela, a alegria foi geral. Festas e campanhas foram realizadas para a arrecada\u00e7\u00e3o de fundos, animadas por um servi\u00e7o de alto-falantes que pertencia a uma agremia\u00e7\u00e3o esportiva local e, finalmente, os recursos financeiros foram reunidos.<\/p><p data-start=\"847\" data-end=\"1172\">Por\u00e9m, Frei Atico, p\u00e1roco da Matriz de Nossa Senhora da Concei\u00e7\u00e3o, optou por n\u00e3o construir a comunidade diante das pequenas dimens\u00f5es do terreno. Depois de procurar outro local, problema resolvido: l\u00e1 estava o lote 251 da Rua Coronel Fran\u00e7a Leite, adquirido por CR$ 400.000,00, tornando poss\u00edvel a constru\u00e7\u00e3o da comunidade.<\/p><p data-start=\"1174\" data-end=\"1333\">Em 1962, com a sua amplia\u00e7\u00e3o, por iniciativa de Frei Geraldo \u2014 utilizando uma ajuda em dinheiro vinda da Alemanha \u2014 a \u00e1rea constru\u00edda passou a ser de 200 m\u00b2.<\/p><p data-start=\"1335\" data-end=\"1621\">Com a observa\u00e7\u00e3o das orienta\u00e7\u00f5es diocesanas, a partir de 1978 aconteceu um crescimento vertiginoso da atua\u00e7\u00e3o dos leigos na comunidade. A cria\u00e7\u00e3o de diversas pastorais e cursos sociais fortaleceu bastante a comunidade. Em 1982, foi constru\u00edda a parte superior e as laterais da Igreja.<\/p><p>Ao longo de todos esses anos, a comunidade alcan\u00e7ou v\u00e1rias vit\u00f3rias. O trabalho de alfabetiza\u00e7\u00e3o e pr\u00e9-vestibular, coordenado pelos pr\u00f3prios membros da comunidade, est\u00e1 entre os principais. Nos \u00faltimos 10 anos, foram constru\u00eddas salas e feitas reformas, gra\u00e7as ao \u201cProjet\u00e3o\u201d da Diocese.<\/p><p><strong>A comunidade est\u00e1 localizda no endere\u00e7o:<\/strong><\/p><p><em>\u2022 <\/em>Endere\u00e7o: R. Cel. Fran\u00e7a Leite, 2508 &#8211; Nossa Sra. de Fatima, Nil\u00f3polis &#8211; RJ, 26521-115<\/p>\t\t\t\t\t\t\t\t<\/div>\n\t\t\t\t\t<\/div>\n\t\t\t\t<\/div>\n\t\t<div class=\"elementor-element elementor-element-acf515b e-flex e-con-boxed e-con e-parent\" data-id=\"acf515b\" data-element_type=\"container\" data-e-type=\"container\">\n\t\t\t\t\t<div class=\"e-con-inner\">\n\t\t\t\t<div class=\"elementor-element elementor-element-ccd61c5 elementor-widget elementor-widget-heading\" data-id=\"ccd61c5\" data-element_type=\"widget\" data-e-type=\"widget\" data-widget_type=\"heading.default\">\n\t\t\t\t\t<h5 class=\"elementor-heading-title elementor-size-default\">Fa\u00e7a parte da Comunidade  Nossa Senhora de F\u00e1tima<\/h5>\t\t\t\t<\/div>\n\t\t\t\t\t<\/div>\n\t\t\t\t<\/div>\n\t\t<div class=\"elementor-element elementor-element-0f1539b e-flex e-con-boxed e-con e-parent\" data-id=\"0f1539b\" data-element_type=\"container\" data-e-type=\"container\">\n\t\t\t\t\t<div class=\"e-con-inner\">\n\t\t\t\t<div class=\"elementor-element elementor-element-bfdf86d elementor-shape-rounded elementor-grid-0 e-grid-align-center elementor-widget elementor-widget-social-icons\" data-id=\"bfdf86d\" data-element_type=\"widget\" data-e-type=\"widget\" data-widget_type=\"social-icons.default\">\n\t\t\t\t\t\t\t<div class=\"elementor-social-icons-wrapper elementor-grid\" role=\"list\">\n\t\t\t\t\t\t\t<span class=\"elementor-grid-item\" role=\"listitem\">\n\t\t\t\t\t<a class=\"elementor-icon elementor-social-icon elementor-social-icon-instagram elementor-repeater-item-c6e60d9\" href=\"https:\/\/www.instagram.com\/nsfatimanilopolis\/\" target=\"_blank\">\n\t\t\t\t\t\t<span class=\"elementor-screen-only\">Instagram<\/span>\n\t\t\t\t\t\t<svg aria-hidden=\"true\" class=\"e-font-icon-svg e-fab-instagram\" viewBox=\"0 0 448 512\" xmlns=\"http:\/\/www.w3.org\/2000\/svg\"><path d=\"M224.1 141c-63.6 0-114.9 51.3-114.9 114.9s51.3 114.9 114.9 114.9S339 319.5 339 255.9 287.7 141 224.1 141zm0 189.6c-41.1 0-74.7-33.5-74.7-74.7s33.5-74.7 74.7-74.7 74.7 33.5 74.7 74.7-33.6 74.7-74.7 74.7zm146.4-194.3c0 14.9-12 26.8-26.8 26.8-14.9 0-26.8-12-26.8-26.8s12-26.8 26.8-26.8 26.8 12 26.8 26.8zm76.1 27.2c-1.7-35.9-9.9-67.7-36.2-93.9-26.2-26.2-58-34.4-93.9-36.2-37-2.1-147.9-2.1-184.9 0-35.8 1.7-67.6 9.9-93.9 36.1s-34.4 58-36.2 93.9c-2.1 37-2.1 147.9 0 184.9 1.7 35.9 9.9 67.7 36.2 93.9s58 34.4 93.9 36.2c37 2.1 147.9 2.1 184.9 0 35.9-1.7 67.7-9.9 93.9-36.2 26.2-26.2 34.4-58 36.2-93.9 2.1-37 2.1-147.8 0-184.8zM398.8 388c-7.8 19.6-22.9 34.7-42.6 42.6-29.5 11.7-99.5 9-132.1 9s-102.7 2.6-132.1-9c-19.6-7.8-34.7-22.9-42.6-42.6-11.7-29.5-9-99.5-9-132.1s-2.6-102.7 9-132.1c7.8-19.6 22.9-34.7 42.6-42.6 29.5-11.7 99.5-9 132.1-9s102.7-2.6 132.1 9c19.6 7.8 34.7 22.9 42.6 42.6 11.7 29.5 9 99.5 9 132.1s2.7 102.7-9 132.1z\"><\/path><\/svg>\t\t\t\t\t<\/a>\n\t\t\t\t<\/span>\n\t\t\t\t\t\t\t<span class=\"elementor-grid-item\" role=\"listitem\">\n\t\t\t\t\t<a class=\"elementor-icon elementor-social-icon elementor-social-icon-facebook elementor-repeater-item-d9641ad\" href=\"https:\/\/www.facebook.com\/nsfatimanilopolis\" target=\"_blank\">\n\t\t\t\t\t\t<span class=\"elementor-screen-only\">Facebook<\/span>\n\t\t\t\t\t\t<svg aria-hidden=\"true\" class=\"e-font-icon-svg e-fab-facebook\" viewBox=\"0 0 512 512\" xmlns=\"http:\/\/www.w3.org\/2000\/svg\"><path d=\"M504 256C504 119 393 8 256 8S8 119 8 256c0 123.78 90.69 226.38 209.25 245V327.69h-63V256h63v-54.64c0-62.15 37-96.48 93.67-96.48 27.14 0 55.52 4.84 55.52 4.84v61h-31.28c-30.8 0-40.41 19.12-40.41 38.73V256h68.78l-11 71.69h-57.78V501C413.31 482.38 504 379.78 504 256z\"><\/path><\/svg>\t\t\t\t\t<\/a>\n\t\t\t\t<\/span>\n\t\t\t\t\t<\/div>\n\t\t\t\t\t\t<\/div>\n\t\t\t\t\t<\/div>\n\t\t\t\t<\/div>\n\t\t<div class=\"elementor-element elementor-element-b467d55 e-flex e-con-boxed e-con e-parent\" data-id=\"b467d55\" data-element_type=\"container\" data-e-type=\"container\">\n\t\t\t\t\t<div class=\"e-con-inner\">\n\t\t\t\t<div class=\"elementor-element elementor-element-bbb805e elementor--h-position-center elementor--v-position-middle elementor-arrows-position-inside elementor-pagination-position-inside elementor-widget elementor-widget-slides\" data-id=\"bbb805e\" data-element_type=\"widget\" data-e-type=\"widget\" data-settings=\"{&quot;navigation&quot;:&quot;both&quot;,&quot;autoplay&quot;:&quot;yes&quot;,&quot;pause_on_hover&quot;:&quot;yes&quot;,&quot;pause_on_interaction&quot;:&quot;yes&quot;,&quot;autoplay_speed&quot;:5000,&quot;infinite&quot;:&quot;yes&quot;,&quot;transition&quot;:&quot;slide&quot;,&quot;transition_speed&quot;:500}\" data-widget_type=\"slides.default\">\n\t\t\t\t\t\t\t\t\t\t<div class=\"elementor-slides-wrapper elementor-main-swiper swiper\" role=\"region\" aria-roledescription=\"carousel\" aria-label=\"Slides\" dir=\"ltr\" data-animation=\"fadeInUp\">\n\t\t\t\t<div class=\"swiper-wrapper elementor-slides\">\n\t\t\t\t\t\t\t\t\t\t<div class=\"elementor-repeater-item-2bd58e4 swiper-slide\" role=\"group\" aria-roledescription=\"slide\"><div class=\"swiper-slide-bg\" role=\"img\" aria-label=\"WhatsApp Image 2025-08-14 at 18.04.37 (2)\"><\/div><div class=\"swiper-slide-inner\" ><div class=\"swiper-slide-contents\"><\/div><\/div><\/div><div class=\"elementor-repeater-item-1b95451 swiper-slide\" role=\"group\" aria-roledescription=\"slide\"><div class=\"swiper-slide-bg\" role=\"img\" aria-label=\"WhatsApp Image 2025-08-14 at 18.04.37 (1)\"><\/div><div class=\"swiper-slide-inner\" ><div class=\"swiper-slide-contents\"><\/div><\/div><\/div><div class=\"elementor-repeater-item-2de07a3 swiper-slide\" role=\"group\" aria-roledescription=\"slide\"><div class=\"swiper-slide-bg\" role=\"img\" aria-label=\"WhatsApp Image 2025-08-14 at 18.04.37\"><\/div><div class=\"swiper-slide-inner\" ><div class=\"swiper-slide-contents\"><\/div><\/div><\/div><div class=\"elementor-repeater-item-7d71e5f swiper-slide\" role=\"group\" aria-roledescription=\"slide\"><div class=\"swiper-slide-bg\" role=\"img\" aria-label=\"IMG_20250821_223106_424 (1)\"><\/div><div class=\"swiper-slide-inner\" ><div class=\"swiper-slide-contents\"><\/div><\/div><\/div>\t\t\t\t<\/div>\n\t\t\t\t\t\t\t\t\t\t\t\t\t\t\t<div class=\"elementor-swiper-button elementor-swiper-button-prev\" role=\"button\" tabindex=\"0\" aria-label=\"Slide anterior\">\n\t\t\t\t\t\t\t<svg aria-hidden=\"true\" class=\"e-font-icon-svg e-eicon-chevron-left\" viewBox=\"0 0 1000 1000\" xmlns=\"http:\/\/www.w3.org\/2000\/svg\"><path d=\"M646 125C629 125 613 133 604 142L308 442C296 454 292 471 292 487 292 504 296 521 308 533L604 854C617 867 629 875 646 875 663 875 679 871 692 858 704 846 713 829 713 812 713 796 708 779 692 767L438 487 692 225C700 217 708 204 708 187 708 171 704 154 692 142 675 129 663 125 646 125Z\"><\/path><\/svg>\t\t\t\t\t\t<\/div>\n\t\t\t\t\t\t<div class=\"elementor-swiper-button elementor-swiper-button-next\" role=\"button\" tabindex=\"0\" aria-label=\"Pr\u00f3ximo slide\">\n\t\t\t\t\t\t\t<svg aria-hidden=\"true\" class=\"e-font-icon-svg e-eicon-chevron-right\" viewBox=\"0 0 1000 1000\" xmlns=\"http:\/\/www.w3.org\/2000\/svg\"><path d=\"M696 533C708 521 713 504 713 487 713 471 708 454 696 446L400 146C388 133 375 125 354 125 338 125 325 129 313 142 300 154 292 171 292 187 292 204 296 221 308 233L563 492 304 771C292 783 288 800 288 817 288 833 296 850 308 863 321 871 338 875 354 875 371 875 388 867 400 854L696 533Z\"><\/path><\/svg>\t\t\t\t\t\t<\/div>\n\t\t\t\t\t\t\t\t\t\t\t\t\t\t\t\t<div class=\"swiper-pagination\"><\/div>\n\t\t\t\t\t\t\t\t\t\t\t\t<\/div>\n\t\t\t\t\t\t\t\t<\/div>\n\t\t\t\t\t<\/div>\n\t\t\t\t<\/div>\n\t\t<div class=\"elementor-element elementor-element-4b31f41 e-flex e-con-boxed e-con e-parent\" data-id=\"4b31f41\" data-element_type=\"container\" data-e-type=\"container\">\n\t\t\t\t\t<div class=\"e-con-inner\">\n\t\t\t\t<div class=\"elementor-element elementor-element-a2a9fc9 elementor-widget elementor-widget-heading\" data-id=\"a2a9fc9\" data-element_type=\"widget\" data-e-type=\"widget\" data-widget_type=\"heading.default\">\n\t\t\t\t\t<h3 class=\"elementor-heading-title elementor-size-default\">Sauda\u00e7\u00e3o a Sant\u00edssima Virgem<\/h3>\t\t\t\t<\/div>\n\t\t\t\t\t<\/div>\n\t\t\t\t<\/div>\n\t\t<div class=\"elementor-element elementor-element-c199fa3 e-flex e-con-boxed e-con e-parent\" data-id=\"c199fa3\" data-element_type=\"container\" data-e-type=\"container\">\n\t\t\t\t\t<div class=\"e-con-inner\">\n\t\t\t\t<div class=\"elementor-element elementor-element-fdcf0cc elementor-widget elementor-widget-text-editor\" data-id=\"fdcf0cc\" data-element_type=\"widget\" data-e-type=\"widget\" data-widget_type=\"text-editor.default\">\n\t\t\t\t\t\t\t\t\t<p>Salve, \u00f3 Senhora santa, Rainha sant\u00edssima, M\u00e3e de Deus, que sois Virgem perp\u00e9tua, escolhida pelo Sant\u00edssimo Pai do C\u00e9u, o qual vos consagrou com o seu sant\u00edssimo e dileto Filho e o Esp\u00edrito Santo Consolador! Em v\u00f3s residiu e reside toda a plenitude da gra\u00e7a e todo o bem!<\/p><p>Salve, \u00f3 pal\u00e1cio do Senhor! Salve, \u00f3 morada do Senhor!<br \/>Salve, \u00f3 serva do Senhor! Salve, \u00f3 M\u00e3e do Senhor!<\/p><p>Assim como v\u00f3s, todas as santas virtudes que, pela gra\u00e7a e ilumina\u00e7\u00e3o do Esp\u00edrito Santo, sois derramadas nos cora\u00e7\u00f5es dos fi\u00e9is, convertendo-os de pecadores em santos diante de Deus!<\/p>\t\t\t\t\t\t\t\t<\/div>\n\t\t\t\t\t<\/div>\n\t\t\t\t<\/div>\n\t\t\t\t<\/div>\n\t\t","protected":false},"excerpt":{"rendered":"<p>Nossa Senhora de F\u00e1tima Uma Senhora mais brilhante que o sol No dia 13 de maio de 1917, na cidade [&hellip;]<\/p>\n","protected":false},"author":1,"featured_media":0,"parent":0,"menu_order":0,"comment_status":"closed","ping_status":"closed","template":"","meta":{"site-sidebar-layout":"no-sidebar","site-content-layout":"","ast-site-content-layout":"full-width-container","site-content-style":"default","site-sidebar-style":"default","ast-global-header-display":"","ast-banner-title-visibility":"","ast-main-header-display":"","ast-hfb-above-header-display":"","ast-hfb-below-header-display":"","ast-hfb-mobile-header-display":"","site-post-title":"","ast-breadcrumbs-content":"","ast-featured-img":"disabled","footer-sml-layout":"","ast-disable-related-posts":"","theme-transparent-header-meta":"","adv-header-id-meta":"","stick-header-meta":"","header-above-stick-meta":"","header-main-stick-meta":"","header-below-stick-meta":"","astra-migrate-meta-layouts":"default","ast-page-background-enabled":"default","ast-page-background-meta":{"desktop":{"background-color":"var(--ast-global-color-5)","background-image":"","background-repeat":"repeat","background-position":"center center","background-size":"auto","background-attachment":"scroll","background-type":"","background-media":"","overlay-type":"","overlay-color":"","overlay-opacity":"","overlay-gradient":""},"tablet":{"background-color":"","background-image":"","background-repeat":"repeat","background-position":"center center","background-size":"auto","background-attachment":"scroll","background-type":"","background-media":"","overlay-type":"","overlay-color":"","overlay-opacity":"","overlay-gradient":""},"mobile":{"background-color":"","background-image":"","background-repeat":"repeat","background-position":"center center","background-size":"auto","background-attachment":"scroll","background-type":"","background-media":"","overlay-type":"","overlay-color":"","overlay-opacity":"","overlay-gradient":""}},"ast-content-background-meta":{"desktop":{"background-color":"var(--ast-global-color-4)","background-image":"","background-repeat":"repeat","background-position":"center center","background-size":"auto","background-attachment":"scroll","background-type":"","background-media":"","overlay-type":"","overlay-color":"","overlay-opacity":"","overlay-gradient":""},"tablet":{"background-color":"var(--ast-global-color-4)","background-image":"","background-repeat":"repeat","background-position":"center center","background-size":"auto","background-attachment":"scroll","background-type":"","background-media":"","overlay-type":"","overlay-color":"","overlay-opacity":"","overlay-gradient":""},"mobile":{"background-color":"var(--ast-global-color-4)","background-image":"","background-repeat":"repeat","background-position":"center center","background-size":"auto","background-attachment":"scroll","background-type":"","background-media":"","overlay-type":"","overlay-color":"","overlay-opacity":"","overlay-gradient":""}},"footnotes":""},"class_list":["post-444","page","type-page","status-publish","hentry"],"_links":{"self":[{"href":"https:\/\/paroquiaaparecidanilopolis.com.br\/index.php\/wp-json\/wp\/v2\/pages\/444","targetHints":{"allow":["GET"]}}],"collection":[{"href":"https:\/\/paroquiaaparecidanilopolis.com.br\/index.php\/wp-json\/wp\/v2\/pages"}],"about":[{"href":"https:\/\/paroquiaaparecidanilopolis.com.br\/index.php\/wp-json\/wp\/v2\/types\/page"}],"author":[{"embeddable":true,"href":"https:\/\/paroquiaaparecidanilopolis.com.br\/index.php\/wp-json\/wp\/v2\/users\/1"}],"replies":[{"embeddable":true,"href":"https:\/\/paroquiaaparecidanilopolis.com.br\/index.php\/wp-json\/wp\/v2\/comments?post=444"}],"version-history":[{"count":100,"href":"https:\/\/paroquiaaparecidanilopolis.com.br\/index.php\/wp-json\/wp\/v2\/pages\/444\/revisions"}],"predecessor-version":[{"id":4639,"href":"https:\/\/paroquiaaparecidanilopolis.com.br\/index.php\/wp-json\/wp\/v2\/pages\/444\/revisions\/4639"}],"wp:attachment":[{"href":"https:\/\/paroquiaaparecidanilopolis.com.br\/index.php\/wp-json\/wp\/v2\/media?parent=444"}],"curies":[{"name":"wp","href":"https:\/\/api.w.org\/{rel}","templated":true}]}}